{"id":15,"date":"2016-08-01T09:10:06","date_gmt":"2016-08-01T09:10:06","guid":{"rendered":"https:\/\/billigtpaket.se\/blog\/?page_id=15"},"modified":"2022-01-05T06:28:17","modified_gmt":"2022-01-05T06:28:17","slug":"skicka-internationella-paket","status":"publish","type":"page","link":"https:\/\/paket.se\/blog\/skicka-internationella-paket\/","title":{"rendered":"Skicka internationella paket"},"content":{"rendered":"<div id=\"gt-res-c\" class=\"g-unit\">\n<div id=\"gt-res-p\">\n<div id=\"gt-res-data\">\n<div id=\"gt-res-wrap\">\n<div id=\"gt-res-content\">\n<div dir=\"ltr\">\n<p class=\"hide-if-no-js\"><a id=\"set-post-thumbnail\" class=\"thickbox\" href=\"https:\/\/paket.se\/blog\/wp-admin\/media-upload.php?post_id=15&amp;type=image&amp;TB_iframe=1\"><img loading=\"lazy\" decoding=\"async\" class=\"attachment-post-thumbnail  alignleft\" src=\"https:\/\/paket.se\/blog\/wp-content\/uploads\/2016\/08\/ImportKina-1200x803.jpg\" sizes=\"auto, (max-width: 709px) 85vw, (max-width: 909px) 67vw, (max-width: 984px) 60vw, (max-width: 1362px) 62vw, 840px\" srcset=\"https:\/\/paket.se\/blog\/wp-content\/uploads\/2016\/08\/ImportKina-1200x803.jpg 1200w, https:\/\/paket.se\/blog\/wp-content\/uploads\/2016\/08\/ImportKina-300x201.jpg 300w, https:\/\/paket.se\/blog\/wp-content\/uploads\/2016\/08\/ImportKina-768x514.jpg 768w, https:\/\/paket.se\/blog\/wp-content\/uploads\/2016\/08\/ImportKina-1024x685.jpg 1024w\" alt=\"ImportKina\" width=\"369\" height=\"247\" \/><\/a><\/p>\n<\/div>\n<div dir=\"ltr\"><\/div>\n<div dir=\"ltr\"><span class=\"\" lang=\"sv\"><span class=\"\" lang=\"sv\"><span title=\"To many, sending a parcel internationally is almost as scary as jumping from a plane.\">F\u00f6r m\u00e5nga, skicka ett paket internationellt \u00e4r n\u00e4stan lika skr\u00e4mmande som att hoppa fr\u00e5n ett plan. <\/span><span title=\"You imagine scenarios where the package gets lost or where it can't be cleared by customs just to name two.\">Du t\u00e4nka scenarier d\u00e4r paketet f\u00f6rsvinner eller om den inte kan tas bort genom tullen bara f\u00f6r att n\u00e4mna tv\u00e5. <\/span><span title=\"This feeling of dread quickly dissipates when you realize that you have people in the know in charge of your package and that it would reach its destination in one piece. \">Denna k\u00e4nsla av r\u00e4dsla f\u00f6rsvinner snabbt n\u00e4r du inser att du har m\u00e4nniskor i vet som ansvarar f\u00f6r ditt paket och att det skulle n\u00e5 sin destination i ett stycke.<br \/>\n<\/span><\/span><\/span><\/div>\n<div dir=\"ltr\"><span class=\"\" lang=\"sv\"><span class=\"\" lang=\"sv\"><span title=\"One of the most important things you will need to do when sending a parcel to China or any other international location is fill out the customs paperwork.\">En av de viktigaste sakerna du beh\u00f6ver g\u00f6ra n\u00e4r du skickar ett skifte till Kina eller n\u00e5gon annan internationell plats \u00e4r att fylla ut tullpappersarbete.<\/span><\/span><\/span><\/div>\n<div dir=\"ltr\"><\/div>\n<div dir=\"ltr\"><span class=\"\" lang=\"sv\"><span class=\"\" lang=\"sv\"><span title=\"You have to print three of it.\">Du m\u00e5ste skriva ut tre av det. <\/span><span title=\"One goes on the package and the other two goes to the person taking receipt of the package.\">En g\u00e5r p\u00e5 f\u00f6rpackningen och de andra tv\u00e5 g\u00e5r till den person som tar emot paketet. <\/span><span title=\"If the documents are wrong, you may be charged extra or the order could be cancelled.\">Om handlingarna \u00e4r fel, kan du debiteras extra eller ordern kan annulleras. <\/span><span title=\"It can be printed from the internet or directly from the websites of some courier companies and filled in easily.\">Det kan skrivas ut fr\u00e5n Internet eller direkt fr\u00e5n webbplatserna f\u00f6r vissa budfirmor och fyllas i l\u00e4tt. <\/span><\/span><\/span><\/div>\n<div dir=\"ltr\"><\/div>\n<div dir=\"ltr\"><span class=\"\" lang=\"sv\"><span class=\"\" lang=\"sv\"><span title=\"When sending a parcel to USA based locales or any other global destination you need to keep in mind that you will be charged additional fees called Duties and taxes which will be established by the customs in country the package is destined for.\">N\u00e4r du skickar ett paket till USA baserade lokaler eller n\u00e5gon annan global destination du beh\u00f6ver f\u00f6r att h\u00e5lla i \u00e5tanke att du kommer att debiteras extra avgifter kallas Avgifter och skatter som kommer att fastst\u00e4llas av tullen i land f\u00f6rpackningen \u00e4r avsedd f\u00f6r. <\/span><span title=\"The world of global trade is responsible for making postage internationally quite difficult but with the right shipping company these pitfalls are sorted out for you. \">I v\u00e4rlden av den globala handeln \u00e4r ansvarig f\u00f6r att g\u00f6ra porto internationellt ganska sv\u00e5rt men med r\u00e4tt rederiet dessa fallgropar sorteras ut f\u00f6r dig.<br \/>\n<\/span><\/span><\/span><\/div>\n<div dir=\"ltr\"><\/div>\n<div dir=\"ltr\"><span class=\"\" lang=\"sv\"><span class=\"\" lang=\"sv\"><span title=\"Cheap parcel sending when it needs to go international becomes a tough chore but by using companies like Pakke.dk you are assured of the best service at the lowest prices. \">Billiga paket s\u00e4nda n\u00e4r den beh\u00f6ver g\u00e5 internationellt blir en tuff b\u00f6rda men genom att anv\u00e4nda f\u00f6retag som <a href=\"https:\/\/www.billigtpaket.se\">paket.se<\/a> du s\u00e4ker p\u00e5 den b\u00e4sta servicen till de l\u00e4gsta priserna.<\/span><\/span><\/span><\/p>\n<p><span id=\"result_box\" class=\"\" lang=\"sv\"><span title=\"You can both quote, book and create custom documents at www.billilgtpaket.se\">Du kan b\u00e5de <span id=\"result_box\" class=\"short_text\" lang=\"sv\"><span class=\"\">ber\u00e4kna priser<\/span><\/span>, bok och skapa egna tull dokumenter p\u00e5 <a href=\"https:\/\/paket.se\">www.paket.se<\/a><\/span><\/span><\/p>\n<\/div>\n<\/div>\n<\/div>\n<\/div>\n<\/div>\n<\/div>\n","protected":false},"excerpt":{"rendered":"<p>F\u00f6r m\u00e5nga, skicka ett paket internationellt \u00e4r n\u00e4stan lika skr\u00e4mmande som att hoppa fr\u00e5n ett plan. Du t\u00e4nka scenarier d\u00e4r paketet f\u00f6rsvinner eller om den inte kan tas bort genom tullen bara f\u00f6r att n\u00e4mna tv\u00e5. Denna k\u00e4nsla av r\u00e4dsla f\u00f6rsvinner snabbt n\u00e4r du inser att du har m\u00e4nniskor i vet som ansvarar f\u00f6r ditt &hellip; <a href=\"https:\/\/paket.se\/blog\/skicka-internationella-paket\/\" class=\"more-link\">Forts\u00e4tt l\u00e4sa<span class=\"screen-reader-text\"> \u201dSkicka internationella paket\u201d<\/span><\/a><\/p>\n","protected":false},"author":1,"featured_media":16,"parent":0,"menu_order":0,"comment_status":"closed","ping_status":"closed","template":"","meta":{"_monsterinsights_skip_tracking":false,"_monsterinsights_sitenote_active":false,"_monsterinsights_sitenote_note":"","_monsterinsights_sitenote_category":0,"footnotes":""},"class_list":["post-15","page","type-page","status-publish","has-post-thumbnail","hentry"],"yoast_head":"<!-- This site is optimized with the Yoast SEO plugin v27.3 - https:\/\/yoast.com\/product\/yoast-seo-wordpress\/ -->\n<title>Skicka internationella paket - Paket.se info<\/title>\n<meta name=\"description\" content=\"Billigtpaket blog om frakt og skicka paket\" \/>\n<meta name=\"robots\" content=\"index, follow, max-snippet:-1, max-image-preview:large, max-video-preview:-1\" \/>\n<link rel=\"canonical\" href=\"https:\/\/paket.se\/blog\/skicka-internationella-paket\/\" \/>\n<meta property=\"og:locale\" content=\"sv_SE\" \/>\n<meta property=\"og:type\" content=\"article\" \/>\n<meta property=\"og:title\" content=\"Skicka internationella paket - Paket.se info\" \/>\n<meta property=\"og:description\" content=\"Billigtpaket blog om frakt og skicka paket\" \/>\n<meta property=\"og:url\" content=\"https:\/\/paket.se\/blog\/skicka-internationella-paket\/\" \/>\n<meta property=\"og:site_name\" content=\"Paket.se info\" \/>\n<meta property=\"article:modified_time\" content=\"2022-01-05T06:28:17+00:00\" \/>\n<meta property=\"og:image\" content=\"https:\/\/paket.se\/blog\/wp-content\/uploads\/2016\/08\/ImportKina.jpg\" \/>\n\t<meta property=\"og:image:width\" content=\"2000\" \/>\n\t<meta property=\"og:image:height\" content=\"1338\" \/>\n\t<meta property=\"og:image:type\" content=\"image\/jpeg\" \/>\n<meta name=\"twitter:card\" content=\"summary_large_image\" \/>\n<meta name=\"twitter:label1\" content=\"Ber\u00e4knad l\u00e4stid\" \/>\n\t<meta name=\"twitter:data1\" content=\"2 minuter\" \/>\n<script type=\"application\/ld+json\" class=\"yoast-schema-graph\">{\"@context\":\"https:\\\/\\\/schema.org\",\"@graph\":[{\"@type\":\"WebPage\",\"@id\":\"https:\\\/\\\/paket.se\\\/blog\\\/skicka-internationella-paket\\\/\",\"url\":\"https:\\\/\\\/paket.se\\\/blog\\\/skicka-internationella-paket\\\/\",\"name\":\"Skicka internationella paket - Paket.se info\",\"isPartOf\":{\"@id\":\"https:\\\/\\\/paket.se\\\/blog\\\/#website\"},\"primaryImageOfPage\":{\"@id\":\"https:\\\/\\\/paket.se\\\/blog\\\/skicka-internationella-paket\\\/#primaryimage\"},\"image\":{\"@id\":\"https:\\\/\\\/paket.se\\\/blog\\\/skicka-internationella-paket\\\/#primaryimage\"},\"thumbnailUrl\":\"https:\\\/\\\/paket.se\\\/blog\\\/wp-content\\\/uploads\\\/2016\\\/08\\\/ImportKina.jpg\",\"datePublished\":\"2016-08-01T09:10:06+00:00\",\"dateModified\":\"2022-01-05T06:28:17+00:00\",\"description\":\"Billigtpaket blog om frakt og skicka paket\",\"breadcrumb\":{\"@id\":\"https:\\\/\\\/paket.se\\\/blog\\\/skicka-internationella-paket\\\/#breadcrumb\"},\"inLanguage\":\"sv-SE\",\"potentialAction\":[{\"@type\":\"ReadAction\",\"target\":[\"https:\\\/\\\/paket.se\\\/blog\\\/skicka-internationella-paket\\\/\"]}]},{\"@type\":\"ImageObject\",\"inLanguage\":\"sv-SE\",\"@id\":\"https:\\\/\\\/paket.se\\\/blog\\\/skicka-internationella-paket\\\/#primaryimage\",\"url\":\"https:\\\/\\\/paket.se\\\/blog\\\/wp-content\\\/uploads\\\/2016\\\/08\\\/ImportKina.jpg\",\"contentUrl\":\"https:\\\/\\\/paket.se\\\/blog\\\/wp-content\\\/uploads\\\/2016\\\/08\\\/ImportKina.jpg\",\"width\":2000,\"height\":1338,\"caption\":\"import Kina\"},{\"@type\":\"BreadcrumbList\",\"@id\":\"https:\\\/\\\/paket.se\\\/blog\\\/skicka-internationella-paket\\\/#breadcrumb\",\"itemListElement\":[{\"@type\":\"ListItem\",\"position\":1,\"name\":\"Home\",\"item\":\"https:\\\/\\\/paket.se\\\/blog\\\/\"},{\"@type\":\"ListItem\",\"position\":2,\"name\":\"Skicka internationella paket\"}]},{\"@type\":\"WebSite\",\"@id\":\"https:\\\/\\\/paket.se\\\/blog\\\/#website\",\"url\":\"https:\\\/\\\/paket.se\\\/blog\\\/\",\"name\":\"Paket.se info\",\"description\":\"Paket.se skickar gr\u00f6nt\",\"publisher\":{\"@id\":\"https:\\\/\\\/paket.se\\\/blog\\\/#organization\"},\"potentialAction\":[{\"@type\":\"SearchAction\",\"target\":{\"@type\":\"EntryPoint\",\"urlTemplate\":\"https:\\\/\\\/paket.se\\\/blog\\\/?s={search_term_string}\"},\"query-input\":{\"@type\":\"PropertyValueSpecification\",\"valueRequired\":true,\"valueName\":\"search_term_string\"}}],\"inLanguage\":\"sv-SE\"},{\"@type\":\"Organization\",\"@id\":\"https:\\\/\\\/paket.se\\\/blog\\\/#organization\",\"name\":\"Billigtpaket.SE\",\"url\":\"https:\\\/\\\/paket.se\\\/blog\\\/\",\"logo\":{\"@type\":\"ImageObject\",\"inLanguage\":\"sv-SE\",\"@id\":\"https:\\\/\\\/paket.se\\\/blog\\\/#\\\/schema\\\/logo\\\/image\\\/\",\"url\":\"https:\\\/\\\/paket.se\\\/blog\\\/wp-content\\\/uploads\\\/2019\\\/08\\\/cropped-paket.se-black_00886.png\",\"contentUrl\":\"https:\\\/\\\/paket.se\\\/blog\\\/wp-content\\\/uploads\\\/2019\\\/08\\\/cropped-paket.se-black_00886.png\",\"width\":240,\"height\":118,\"caption\":\"Billigtpaket.SE\"},\"image\":{\"@id\":\"https:\\\/\\\/paket.se\\\/blog\\\/#\\\/schema\\\/logo\\\/image\\\/\"}}]}<\/script>\n<!-- \/ Yoast SEO plugin. -->","yoast_head_json":{"title":"Skicka internationella paket - Paket.se info","description":"Billigtpaket blog om frakt og skicka paket","robots":{"index":"index","follow":"follow","max-snippet":"max-snippet:-1","max-image-preview":"max-image-preview:large","max-video-preview":"max-video-preview:-1"},"canonical":"https:\/\/paket.se\/blog\/skicka-internationella-paket\/","og_locale":"sv_SE","og_type":"article","og_title":"Skicka internationella paket - Paket.se info","og_description":"Billigtpaket blog om frakt og skicka paket","og_url":"https:\/\/paket.se\/blog\/skicka-internationella-paket\/","og_site_name":"Paket.se info","article_modified_time":"2022-01-05T06:28:17+00:00","og_image":[{"width":2000,"height":1338,"url":"https:\/\/paket.se\/blog\/wp-content\/uploads\/2016\/08\/ImportKina.jpg","type":"image\/jpeg"}],"twitter_card":"summary_large_image","twitter_misc":{"Ber\u00e4knad l\u00e4stid":"2 minuter"},"schema":{"@context":"https:\/\/schema.org","@graph":[{"@type":"WebPage","@id":"https:\/\/paket.se\/blog\/skicka-internationella-paket\/","url":"https:\/\/paket.se\/blog\/skicka-internationella-paket\/","name":"Skicka internationella paket - Paket.se info","isPartOf":{"@id":"https:\/\/paket.se\/blog\/#website"},"primaryImageOfPage":{"@id":"https:\/\/paket.se\/blog\/skicka-internationella-paket\/#primaryimage"},"image":{"@id":"https:\/\/paket.se\/blog\/skicka-internationella-paket\/#primaryimage"},"thumbnailUrl":"https:\/\/paket.se\/blog\/wp-content\/uploads\/2016\/08\/ImportKina.jpg","datePublished":"2016-08-01T09:10:06+00:00","dateModified":"2022-01-05T06:28:17+00:00","description":"Billigtpaket blog om frakt og skicka paket","breadcrumb":{"@id":"https:\/\/paket.se\/blog\/skicka-internationella-paket\/#breadcrumb"},"inLanguage":"sv-SE","potentialAction":[{"@type":"ReadAction","target":["https:\/\/paket.se\/blog\/skicka-internationella-paket\/"]}]},{"@type":"ImageObject","inLanguage":"sv-SE","@id":"https:\/\/paket.se\/blog\/skicka-internationella-paket\/#primaryimage","url":"https:\/\/paket.se\/blog\/wp-content\/uploads\/2016\/08\/ImportKina.jpg","contentUrl":"https:\/\/paket.se\/blog\/wp-content\/uploads\/2016\/08\/ImportKina.jpg","width":2000,"height":1338,"caption":"import Kina"},{"@type":"BreadcrumbList","@id":"https:\/\/paket.se\/blog\/skicka-internationella-paket\/#breadcrumb","itemListElement":[{"@type":"ListItem","position":1,"name":"Home","item":"https:\/\/paket.se\/blog\/"},{"@type":"ListItem","position":2,"name":"Skicka internationella paket"}]},{"@type":"WebSite","@id":"https:\/\/paket.se\/blog\/#website","url":"https:\/\/paket.se\/blog\/","name":"Paket.se info","description":"Paket.se skickar gr\u00f6nt","publisher":{"@id":"https:\/\/paket.se\/blog\/#organization"},"potentialAction":[{"@type":"SearchAction","target":{"@type":"EntryPoint","urlTemplate":"https:\/\/paket.se\/blog\/?s={search_term_string}"},"query-input":{"@type":"PropertyValueSpecification","valueRequired":true,"valueName":"search_term_string"}}],"inLanguage":"sv-SE"},{"@type":"Organization","@id":"https:\/\/paket.se\/blog\/#organization","name":"Billigtpaket.SE","url":"https:\/\/paket.se\/blog\/","logo":{"@type":"ImageObject","inLanguage":"sv-SE","@id":"https:\/\/paket.se\/blog\/#\/schema\/logo\/image\/","url":"https:\/\/paket.se\/blog\/wp-content\/uploads\/2019\/08\/cropped-paket.se-black_00886.png","contentUrl":"https:\/\/paket.se\/blog\/wp-content\/uploads\/2019\/08\/cropped-paket.se-black_00886.png","width":240,"height":118,"caption":"Billigtpaket.SE"},"image":{"@id":"https:\/\/paket.se\/blog\/#\/schema\/logo\/image\/"}}]}},"_links":{"self":[{"href":"https:\/\/paket.se\/blog\/wp-json\/wp\/v2\/pages\/15","targetHints":{"allow":["GET"]}}],"collection":[{"href":"https:\/\/paket.se\/blog\/wp-json\/wp\/v2\/pages"}],"about":[{"href":"https:\/\/paket.se\/blog\/wp-json\/wp\/v2\/types\/page"}],"author":[{"embeddable":true,"href":"https:\/\/paket.se\/blog\/wp-json\/wp\/v2\/users\/1"}],"replies":[{"embeddable":true,"href":"https:\/\/paket.se\/blog\/wp-json\/wp\/v2\/comments?post=15"}],"version-history":[{"count":4,"href":"https:\/\/paket.se\/blog\/wp-json\/wp\/v2\/pages\/15\/revisions"}],"predecessor-version":[{"id":717,"href":"https:\/\/paket.se\/blog\/wp-json\/wp\/v2\/pages\/15\/revisions\/717"}],"wp:featuredmedia":[{"embeddable":true,"href":"https:\/\/paket.se\/blog\/wp-json\/wp\/v2\/media\/16"}],"wp:attachment":[{"href":"https:\/\/paket.se\/blog\/wp-json\/wp\/v2\/media?parent=15"}],"curies":[{"name":"wp","href":"https:\/\/api.w.org\/{rel}","templated":true}]}}