{"id":806,"date":"2024-02-07T05:37:03","date_gmt":"2024-02-07T05:37:03","guid":{"rendered":"https:\/\/paket.se\/blog\/?page_id=806"},"modified":"2024-02-07T08:29:16","modified_gmt":"2024-02-07T08:29:16","slug":"hs-koder-tullkoder-tariffkode","status":"publish","type":"page","link":"https:\/\/paket.se\/blog\/hs-koder-tullkoder-tariffkode\/","title":{"rendered":"Hitta HS Tariffnummer &#8211; Tullkoder"},"content":{"rendered":"\n<p><em>Detta verktyg och allt inneh\u00e5ll p\u00e5 det \u00e4r endast i informationssyfte. \u00c4ven om vi str\u00e4var efter att s\u00e4kerst\u00e4lla att all information \u00e4r korrekt och uppdaterad, tar vi inget ansvar f\u00f6r eventuella fel eller utel\u00e4mnanden. Anv\u00e4ndningen av verktyget och dess inneh\u00e5ll sker p\u00e5 anv\u00e4ndarens egen risk. Vi ansvarar inte f\u00f6r skador eller f\u00f6rluster som kan uppst\u00e5 till f\u00f6ljd av dess anv\u00e4ndning.<\/em><\/p>\n\n\n    <script type=\"text\/javascript\">\n        document.addEventListener(\"DOMContentLoaded\", function() {\n            let kchat_settings = {\"chatbot_chatgpt_model\":\"gpt-3.5-turbo\",\"chatbot_chatgpt_display_style\":\"embedded\",\"model\":\"gpt-3.5-turbo\",\"chatbot_chatgpt_model_choice\":\"gpt-3.5-turbo\",\"voice\":\"alloy\",\"chatbot_chatgpt_voice_option\":\"alloy\",\"additional_instructions\":\"\",\"chatbot_chatgpt_message_limit_setting\":\"999\",\"chatbot_chatgpt_message_limit_period_setting\":\"Lifetime\",\"chatbot_chatgpt_display_message_count\":\"No\",\"chatbot_chatgpt_version\":\"2.4.6\",\"plugins_url\":\"https:\\\/\\\/paket.se\\\/blog\\\/wp-content\\\/plugins\\\/chatbot-chatgpt\\\/\",\"ajax_url\":\"https:\\\/\\\/paket.se\\\/blog\\\/wp-admin\\\/admin-ajax.php\",\"user_id\":0,\"page_id\":806,\"session_id\":\"kognetiks_69e44cbf2b8741.87821513\",\"thread_id\":null,\"assistant_id\":\"original\",\"chatbot_chatgpt_timeout_setting\":\"240\",\"chatbot_chatgpt_avatar_icon_setting\":\"\",\"chatbot_chatgpt_custom_avatar_icon_setting\":\"\",\"chatbot_chatgpt_avatar_greeting_setting\":\"Howdy!!! Great to see you today! How can I help you?\",\"chatbot_chatgpt_force_page_reload\":\"No\",\"chatbot_chatgpt_custom_error_message\":\"Your custom error message goes here.\",\"chatbot_chatgpt_appearance_open_icon\":\"\",\"chatbot_chatgpt_appearance_collapse_icon\":\"\",\"chatbot_chatgpt_appearance_erase_icon\":\"\",\"chatbot_chatgpt_appearance_mic_enabled_icon\":\"\",\"chatbot_chatgpt_appearance_mic_disabled_icon\":\"\",\"chatbot_chatgpt_width_setting\":\"Custom\",\"chatbot_chatgpt_start_status\":\"closed\",\"chatbot_chatgpt_start_status_new_visitor\":\"closed\",\"chatbot_chatgpt_initial_greeting\":\"Hall\\u00e5. Hur kan jag hj\\u00e4lpa dig? Fx. hitta tullkoden f\\u00f6r jeans?\",\"chatbot_chatgpt_subsequent_greeting\":\"Hej igen. Hur kan jag hj\\u00e4lpa dig idag?\",\"chatbot_chatgpt_audience_choice\":\"All\",\"chatbot_chatgpt_allow_file_uploads\":\"No\",\"chatbot_chatgpt_allow_mp3_uploads\":\"No\",\"chatbot_chatgpt_read_aloud_option\":\"yes\",\"chatbot_chatgpt_allow_download_transcript\":\"Yes\",\"chatbot_chatgpt_additional_instructions\":\"\",\"chatbot_chatgpt_conversation_continuation\":\"Off\",\"chatbot_chatgpt_bot_name\":\"Chatbot ChatGPT\"};\n            if (kchat_settings && typeof kchat_settings === \"object\") {\n                \/\/ Resolve LocalStorage - Ver 2.1.1.1.R2\n                const includeKeys = [\n                    'chatbot_chatgpt_last_reset',\n                    'chatbot_chatgpt_message_count',\n                    'chatbot_chatgpt_display_message_count',\n                    'chatbot_chatgpt_message_limit_setting',\n                    'chatbot_chatgpt_message_limit_period_setting',\n                    'chatbot_chatgpt_start_status',\n                    'chatbot_chatgpt_start_status_new_visitor',\n                    'chatbot_chatgpt_opened',\n                    'chatbot_chatgpt_last_reset'\n                ];\n                Object.keys(kchat_settings).forEach(function(key) {\n                    if (includeKeys.includes(key)) {\n                        localStorage.setItem(key, kchat_settings[key]);\n                        \/\/ DiAG - Diagnostics - Ver 2.4.5\n                        \/\/ console.log(\"Chatbot: NOTICE: chatbot-shortcode.php - Key: \" + key + \" Value: \" + kchat_settings[key]);\n                    }\n                });\n                \/\/ Dispatch custom event after setting localStorage keys\n                document.dispatchEvent(new Event('kchat_settingsSet'));\n            }\n        });\n    <\/script>\n            <div id=\"chatbot-chatgpt\" style=\"display: flex;\" class=\"chatbot-embedded-style chatbot-full\" data-cache-buster=\"1776569535\">\n        <script>\n            jQuery(document).ready(function($) {\n                $('#chatbot-chatgpt').removeClass('chatbot-floating-style').addClass('chatbot-embedded-style');\n            });\n        <\/script>\n        <!-- REMOVED FOR EMBEDDED -->\n        <div id=\"chatbot-chatgpt-header-embedded\"><div id=\"chatbot-chatgpt-title\" class=\"title\">Chatbot ChatGPT<\/div><\/div>        <div id=\"chatbot-chatgpt-conversation\"><\/div>\n        <div id=\"chatbot-chatgpt-input\">\n            <div id=\"chatbot-chatgpt-input-area\">\n                <label for=\"chatbot-chatgpt-message\"><\/label>\n                <center><textarea id='chatbot-chatgpt-message' rows='2' placeholder='Ange din fr\u00e5ga om tullkoder h\u00e4r...' style='width: 95%;'><\/textarea><\/center>            <\/div>\n        <\/div>\n        <div id=\"chatbot-chatgpt-buttons-container\">\n            <button id=\"chatbot-chatgpt-submit\" title=\"Send Message\">\n                <img decoding=\"async\" src=\"https:\/\/paket.se\/blog\/wp-content\/plugins\/chatbot-chatgpt\/includes\/settings\/..\/..\/assets\/icons\/send_FILL0_wght400_GRAD0_opsz24.png\" alt=\"Send\">\n            <\/button>\n                                    <button id=\"chatbot-chatgpt-erase-btn\" title=\"Clear Conversation\">\n                <img decoding=\"async\" src=\"https:\/\/paket.se\/blog\/wp-content\/plugins\/chatbot-chatgpt\/includes\/settings\/..\/..\/assets\/icons\/delete_FILL0_wght400_GRAD0_opsz24.png\" alt=\"Erase Conversation\">\n            <\/button>\n                            <button id=\"chatbot-chatgpt-text-to-speech-btn\" title=\"Read Aloud\">\n                    <img decoding=\"async\" src=\"https:\/\/paket.se\/blog\/wp-content\/plugins\/chatbot-chatgpt\/includes\/settings\/..\/..\/assets\/icons\/text_to_speech_FILL0_wght400_GRAD0_opsz24.png\" alt=\"Read Out Loud\">\n                <\/button>\n                                                    <button id=\"chatbot-chatgpt-download-transcript-btn\" title=\"Download Transcript\">\n                    <img decoding=\"async\" src=\"https:\/\/paket.se\/blog\/wp-content\/plugins\/chatbot-chatgpt\/includes\/settings\/..\/..\/assets\/icons\/download_FILL0_wght400_GRAD0_opsz24.png\" alt=\"Download Transcript\">\n                <\/button>\n                        <\/div>\n                    <\/div>\n        <button id=\"chatgpt-open-btn\" style=\"display: none;\">\n        <i class=\"chatbot-open-icon\"><\/i>\n        <\/button>\n        \n\n\n\n<p><\/p>\n\n\n<div class=\"wp-block-image\">\n<figure class=\"aligncenter size-full is-resized\"><a href=\"https:\/\/paket.se\" target=\"_blank\" rel=\"noreferrer noopener\"><img loading=\"lazy\" decoding=\"async\" width=\"237\" height=\"100\" src=\"https:\/\/paket.se\/blog\/wp-content\/uploads\/2024\/02\/paket_logo.png\" alt=\"\" class=\"wp-image-815\" style=\"width:237px;height:auto\"\/><\/a><\/figure><\/div>\n\n\n<p><\/p>\n","protected":false},"excerpt":{"rendered":"<p>Detta verktyg och allt inneh\u00e5ll p\u00e5 det \u00e4r endast i informationssyfte. \u00c4ven om vi str\u00e4var efter att s\u00e4kerst\u00e4lla att all information \u00e4r korrekt och uppdaterad, tar vi inget ansvar f\u00f6r eventuella fel eller utel\u00e4mnanden. Anv\u00e4ndningen av verktyget och dess inneh\u00e5ll sker p\u00e5 anv\u00e4ndarens egen risk. Vi ansvarar inte f\u00f6r skador eller f\u00f6rluster som kan uppst\u00e5 &hellip; <a href=\"https:\/\/paket.se\/blog\/hs-koder-tullkoder-tariffkode\/\" class=\"more-link\">Forts\u00e4tt l\u00e4sa<span class=\"screen-reader-text\"> \u201dHitta HS Tariffnummer &#8211; Tullkoder\u201d<\/span><\/a><\/p>\n","protected":false},"author":3,"featured_media":0,"parent":0,"menu_order":0,"comment_status":"closed","ping_status":"closed","template":"","meta":{"_monsterinsights_skip_tracking":false,"_monsterinsights_sitenote_active":false,"_monsterinsights_sitenote_note":"","_monsterinsights_sitenote_category":0,"footnotes":""},"class_list":["post-806","page","type-page","status-publish","hentry"],"yoast_head":"<!-- This site is optimized with the Yoast SEO plugin v27.4 - https:\/\/yoast.com\/product\/yoast-seo-wordpress\/ -->\n<title>Hitta HS Tariffnummer - Tullkoder - Paket.se info<\/title>\n<meta name=\"description\" content=\"S\u00f6ka och hitta HS-tullkoder\/tullkoder i samband med export och import till Sverige\" \/>\n<meta name=\"robots\" content=\"index, follow, max-snippet:-1, max-image-preview:large, max-video-preview:-1\" \/>\n<link rel=\"canonical\" href=\"https:\/\/paket.se\/blog\/hs-koder-tullkoder-tariffkode\/\" \/>\n<meta property=\"og:locale\" content=\"sv_SE\" \/>\n<meta property=\"og:type\" content=\"article\" \/>\n<meta property=\"og:title\" content=\"Hitta HS Tariffnummer - Tullkoder - Paket.se info\" \/>\n<meta property=\"og:description\" content=\"S\u00f6ka och hitta HS-tullkoder\/tullkoder i samband med export och import till Sverige\" \/>\n<meta property=\"og:url\" content=\"https:\/\/paket.se\/blog\/hs-koder-tullkoder-tariffkode\/\" \/>\n<meta property=\"og:site_name\" content=\"Paket.se info\" \/>\n<meta property=\"article:modified_time\" content=\"2024-02-07T08:29:16+00:00\" \/>\n<meta property=\"og:image\" content=\"https:\/\/paket.se\/blog\/wp-content\/uploads\/2024\/02\/paket_logo.png\" \/>\n<meta name=\"twitter:card\" content=\"summary_large_image\" \/>\n<script type=\"application\/ld+json\" class=\"yoast-schema-graph\">{\"@context\":\"https:\\\/\\\/schema.org\",\"@graph\":[{\"@type\":\"WebPage\",\"@id\":\"https:\\\/\\\/paket.se\\\/blog\\\/hs-koder-tullkoder-tariffkode\\\/\",\"url\":\"https:\\\/\\\/paket.se\\\/blog\\\/hs-koder-tullkoder-tariffkode\\\/\",\"name\":\"Hitta HS Tariffnummer - Tullkoder - Paket.se info\",\"isPartOf\":{\"@id\":\"https:\\\/\\\/paket.se\\\/blog\\\/#website\"},\"primaryImageOfPage\":{\"@id\":\"https:\\\/\\\/paket.se\\\/blog\\\/hs-koder-tullkoder-tariffkode\\\/#primaryimage\"},\"image\":{\"@id\":\"https:\\\/\\\/paket.se\\\/blog\\\/hs-koder-tullkoder-tariffkode\\\/#primaryimage\"},\"thumbnailUrl\":\"https:\\\/\\\/paket.se\\\/blog\\\/wp-content\\\/uploads\\\/2024\\\/02\\\/paket_logo.png\",\"datePublished\":\"2024-02-07T05:37:03+00:00\",\"dateModified\":\"2024-02-07T08:29:16+00:00\",\"description\":\"S\u00f6ka och hitta HS-tullkoder\\\/tullkoder i samband med export och import till Sverige\",\"breadcrumb\":{\"@id\":\"https:\\\/\\\/paket.se\\\/blog\\\/hs-koder-tullkoder-tariffkode\\\/#breadcrumb\"},\"inLanguage\":\"sv-SE\",\"potentialAction\":[{\"@type\":\"ReadAction\",\"target\":[\"https:\\\/\\\/paket.se\\\/blog\\\/hs-koder-tullkoder-tariffkode\\\/\"]}]},{\"@type\":\"ImageObject\",\"inLanguage\":\"sv-SE\",\"@id\":\"https:\\\/\\\/paket.se\\\/blog\\\/hs-koder-tullkoder-tariffkode\\\/#primaryimage\",\"url\":\"https:\\\/\\\/paket.se\\\/blog\\\/wp-content\\\/uploads\\\/2024\\\/02\\\/paket_logo.png\",\"contentUrl\":\"https:\\\/\\\/paket.se\\\/blog\\\/wp-content\\\/uploads\\\/2024\\\/02\\\/paket_logo.png\",\"width\":237,\"height\":100},{\"@type\":\"BreadcrumbList\",\"@id\":\"https:\\\/\\\/paket.se\\\/blog\\\/hs-koder-tullkoder-tariffkode\\\/#breadcrumb\",\"itemListElement\":[{\"@type\":\"ListItem\",\"position\":1,\"name\":\"Home\",\"item\":\"https:\\\/\\\/paket.se\\\/blog\\\/\"},{\"@type\":\"ListItem\",\"position\":2,\"name\":\"Hitta HS Tariffnummer &#8211; Tullkoder\"}]},{\"@type\":\"WebSite\",\"@id\":\"https:\\\/\\\/paket.se\\\/blog\\\/#website\",\"url\":\"https:\\\/\\\/paket.se\\\/blog\\\/\",\"name\":\"Paket.se info\",\"description\":\"Paket.se skickar gr\u00f6nt\",\"publisher\":{\"@id\":\"https:\\\/\\\/paket.se\\\/blog\\\/#organization\"},\"potentialAction\":[{\"@type\":\"SearchAction\",\"target\":{\"@type\":\"EntryPoint\",\"urlTemplate\":\"https:\\\/\\\/paket.se\\\/blog\\\/?s={search_term_string}\"},\"query-input\":{\"@type\":\"PropertyValueSpecification\",\"valueRequired\":true,\"valueName\":\"search_term_string\"}}],\"inLanguage\":\"sv-SE\"},{\"@type\":\"Organization\",\"@id\":\"https:\\\/\\\/paket.se\\\/blog\\\/#organization\",\"name\":\"Billigtpaket.SE\",\"url\":\"https:\\\/\\\/paket.se\\\/blog\\\/\",\"logo\":{\"@type\":\"ImageObject\",\"inLanguage\":\"sv-SE\",\"@id\":\"https:\\\/\\\/paket.se\\\/blog\\\/#\\\/schema\\\/logo\\\/image\\\/\",\"url\":\"https:\\\/\\\/paket.se\\\/blog\\\/wp-content\\\/uploads\\\/2019\\\/08\\\/cropped-paket.se-black_00886.png\",\"contentUrl\":\"https:\\\/\\\/paket.se\\\/blog\\\/wp-content\\\/uploads\\\/2019\\\/08\\\/cropped-paket.se-black_00886.png\",\"width\":240,\"height\":118,\"caption\":\"Billigtpaket.SE\"},\"image\":{\"@id\":\"https:\\\/\\\/paket.se\\\/blog\\\/#\\\/schema\\\/logo\\\/image\\\/\"}}]}<\/script>\n<!-- \/ Yoast SEO plugin. -->","yoast_head_json":{"title":"Hitta HS Tariffnummer - Tullkoder - Paket.se info","description":"S\u00f6ka och hitta HS-tullkoder\/tullkoder i samband med export och import till Sverige","robots":{"index":"index","follow":"follow","max-snippet":"max-snippet:-1","max-image-preview":"max-image-preview:large","max-video-preview":"max-video-preview:-1"},"canonical":"https:\/\/paket.se\/blog\/hs-koder-tullkoder-tariffkode\/","og_locale":"sv_SE","og_type":"article","og_title":"Hitta HS Tariffnummer - Tullkoder - Paket.se info","og_description":"S\u00f6ka och hitta HS-tullkoder\/tullkoder i samband med export och import till Sverige","og_url":"https:\/\/paket.se\/blog\/hs-koder-tullkoder-tariffkode\/","og_site_name":"Paket.se info","article_modified_time":"2024-02-07T08:29:16+00:00","og_image":[{"url":"https:\/\/paket.se\/blog\/wp-content\/uploads\/2024\/02\/paket_logo.png","type":"","width":"","height":""}],"twitter_card":"summary_large_image","schema":{"@context":"https:\/\/schema.org","@graph":[{"@type":"WebPage","@id":"https:\/\/paket.se\/blog\/hs-koder-tullkoder-tariffkode\/","url":"https:\/\/paket.se\/blog\/hs-koder-tullkoder-tariffkode\/","name":"Hitta HS Tariffnummer - Tullkoder - Paket.se info","isPartOf":{"@id":"https:\/\/paket.se\/blog\/#website"},"primaryImageOfPage":{"@id":"https:\/\/paket.se\/blog\/hs-koder-tullkoder-tariffkode\/#primaryimage"},"image":{"@id":"https:\/\/paket.se\/blog\/hs-koder-tullkoder-tariffkode\/#primaryimage"},"thumbnailUrl":"https:\/\/paket.se\/blog\/wp-content\/uploads\/2024\/02\/paket_logo.png","datePublished":"2024-02-07T05:37:03+00:00","dateModified":"2024-02-07T08:29:16+00:00","description":"S\u00f6ka och hitta HS-tullkoder\/tullkoder i samband med export och import till Sverige","breadcrumb":{"@id":"https:\/\/paket.se\/blog\/hs-koder-tullkoder-tariffkode\/#breadcrumb"},"inLanguage":"sv-SE","potentialAction":[{"@type":"ReadAction","target":["https:\/\/paket.se\/blog\/hs-koder-tullkoder-tariffkode\/"]}]},{"@type":"ImageObject","inLanguage":"sv-SE","@id":"https:\/\/paket.se\/blog\/hs-koder-tullkoder-tariffkode\/#primaryimage","url":"https:\/\/paket.se\/blog\/wp-content\/uploads\/2024\/02\/paket_logo.png","contentUrl":"https:\/\/paket.se\/blog\/wp-content\/uploads\/2024\/02\/paket_logo.png","width":237,"height":100},{"@type":"BreadcrumbList","@id":"https:\/\/paket.se\/blog\/hs-koder-tullkoder-tariffkode\/#breadcrumb","itemListElement":[{"@type":"ListItem","position":1,"name":"Home","item":"https:\/\/paket.se\/blog\/"},{"@type":"ListItem","position":2,"name":"Hitta HS Tariffnummer &#8211; Tullkoder"}]},{"@type":"WebSite","@id":"https:\/\/paket.se\/blog\/#website","url":"https:\/\/paket.se\/blog\/","name":"Paket.se info","description":"Paket.se skickar gr\u00f6nt","publisher":{"@id":"https:\/\/paket.se\/blog\/#organization"},"potentialAction":[{"@type":"SearchAction","target":{"@type":"EntryPoint","urlTemplate":"https:\/\/paket.se\/blog\/?s={search_term_string}"},"query-input":{"@type":"PropertyValueSpecification","valueRequired":true,"valueName":"search_term_string"}}],"inLanguage":"sv-SE"},{"@type":"Organization","@id":"https:\/\/paket.se\/blog\/#organization","name":"Billigtpaket.SE","url":"https:\/\/paket.se\/blog\/","logo":{"@type":"ImageObject","inLanguage":"sv-SE","@id":"https:\/\/paket.se\/blog\/#\/schema\/logo\/image\/","url":"https:\/\/paket.se\/blog\/wp-content\/uploads\/2019\/08\/cropped-paket.se-black_00886.png","contentUrl":"https:\/\/paket.se\/blog\/wp-content\/uploads\/2019\/08\/cropped-paket.se-black_00886.png","width":240,"height":118,"caption":"Billigtpaket.SE"},"image":{"@id":"https:\/\/paket.se\/blog\/#\/schema\/logo\/image\/"}}]}},"_links":{"self":[{"href":"https:\/\/paket.se\/blog\/wp-json\/wp\/v2\/pages\/806","targetHints":{"allow":["GET"]}}],"collection":[{"href":"https:\/\/paket.se\/blog\/wp-json\/wp\/v2\/pages"}],"about":[{"href":"https:\/\/paket.se\/blog\/wp-json\/wp\/v2\/types\/page"}],"author":[{"embeddable":true,"href":"https:\/\/paket.se\/blog\/wp-json\/wp\/v2\/users\/3"}],"replies":[{"embeddable":true,"href":"https:\/\/paket.se\/blog\/wp-json\/wp\/v2\/comments?post=806"}],"version-history":[{"count":7,"href":"https:\/\/paket.se\/blog\/wp-json\/wp\/v2\/pages\/806\/revisions"}],"predecessor-version":[{"id":816,"href":"https:\/\/paket.se\/blog\/wp-json\/wp\/v2\/pages\/806\/revisions\/816"}],"wp:attachment":[{"href":"https:\/\/paket.se\/blog\/wp-json\/wp\/v2\/media?parent=806"}],"curies":[{"name":"wp","href":"https:\/\/api.w.org\/{rel}","templated":true}]}}