{"id":2,"date":"2024-02-15T17:53:24","date_gmt":"2024-02-15T17:53:24","guid":{"rendered":"https:\/\/paket.se\/dhl\/ombud\/?page_id=2"},"modified":"2024-02-18T07:27:11","modified_gmt":"2024-02-18T07:27:11","slug":"sample-page","status":"publish","type":"page","link":"https:\/\/paket.se\/dhl\/ombud\/","title":{"rendered":"DHL Ombud Sverige"},"content":{"rendered":"\n<ol class=\"wp-block-list\">\n<li>F\u00f6rst best\u00e4ller du DHL frakt h\u00e4r:&nbsp;&nbsp;<a href=\"https:\/\/paket.se\/dhl\/skicka\/paket\" target=\"_blank\" rel=\"noreferrer noopener\">HER<\/a><\/li>\n<\/ol>\n\n\n\n<figure class=\"wp-block-image\"><a href=\"https:\/\/paket.se\/dhl\/skicka\/paket\" target=\"_blank\" rel=\"noreferrer noopener\"><img decoding=\"async\" src=\"https:\/\/paket.se\/images\/UPSombud.PNG\" alt=\"DHL Ombud Sverige\"\/><\/a><\/figure>\n\n\n\n<h2 class=\"wp-block-heading\">&nbsp;<\/h2>\n\n\n\n<h2 class=\"wp-block-heading\">2. Hitta DHL ombud h\u00e4r och skicka dit <a href=\"https:\/\/paket.se\/dhl\/skicka\/paket\">dhl paket<\/a>:<\/h2>\n\n\n\n<figure class=\"wp-block-image\"><a href=\"https:\/\/ombud.paket.se\/\" target=\"_blank\" rel=\"noreferrer noopener\"><img decoding=\"async\" src=\"https:\/\/paket.se\/images\/UPSservicepoint.PNG\" alt=\"DHL Service point Sverige\"\/><\/a><\/figure>\n\n\n\n<p><\/p>\n\n\n\n<p>Om du beh\u00f6ver skicka ett paket eller en f\u00f6rs\u00e4ndelse med ett p\u00e5litligt och v\u00e4lk\u00e4nt fraktf\u00f6retag kan du v\u00e4nda dig till ditt n\u00e4rmsta DHL-ombud. DHL erbjuder frakttj\u00e4nster b\u00e5de inom Sverige och till \u00f6vriga v\u00e4rlden, och du kan enkelt och smidigt s\u00f6ka efter ombud p\u00e5 DHLs egen hemsida. DHL erbjuder m\u00e5nga olika frakttj\u00e4nster b\u00e5de f\u00f6r f\u00f6retag och privatpersoner, och h\u00e4r \u00e4r en kort guide till hur du kan skicka eller h\u00e4mta paket hos n\u00e5got av deras m\u00e5nga ombud i Sverige.<\/p>\n\n\n\n<h2 class=\"wp-block-heading\"><strong>Hur skickar man paket hos ett DHL ombud?<\/strong><\/h2>\n\n\n\n<p>F\u00f6r att ta reda p\u00e5 fraktpriser och vilka tj\u00e4nster som erbjuds kan du enklast ta en titt p\u00e5 DHLs hemsida eller bes\u00f6ka n\u00e5gon j\u00e4mf\u00f6relsetj\u00e4nst innan du beger dig till ditt n\u00e4rmsta ombud. DHL erbjuder ocks\u00e5 m\u00f6jligheten att skapa ett konto s\u00e5 att du l\u00e4ttare kan skicka paket i framtiden, och du kan \u00e4ven betala f\u00f6r din frakt direkt p\u00e5 hemsidan. D\u00e5 f\u00e5r du en digital fraktsedel som du kan skriva ut och s\u00e4tta fast p\u00e5 paketet innan du l\u00e4mnar det hos ombudet, men sj\u00e4lvklart g\u00e5r det ocks\u00e5 att betala direkt p\u00e5 plats. T\u00e4nk bara p\u00e5 att DHL inte s\u00e4ljer n\u00e5got eget emballage, s\u00e5 du m\u00e5ste se till att f\u00f6rbereda paketet eller f\u00f6rs\u00e4ndelsen i f\u00f6rv\u00e4g.<\/p>\n\n\n\n<h2 class=\"wp-block-heading\"><strong>Hur h\u00e4mtar man paket hos ett DHL ombud?<\/strong><\/h2>\n\n\n\n<p>Om du har f\u00e5tt kollinumret fr\u00e5n avs\u00e4ndaren kan du sp\u00e5ra din f\u00f6rs\u00e4ndelse p\u00e5 DHLs hemsida, och annars f\u00e5r du en avi via mail eller sms n\u00e4r paketet finns att h\u00e4mta hos ditt&nbsp;<em>DHL ombud<\/em>. Vanligen levereras din f\u00f6rs\u00e4ndelse till ditt n\u00e4rmsta ombud, och f\u00f6r att h\u00e4mta den beh\u00f6ver du visa upp din legitimation. T\u00e4nk p\u00e5 att du beh\u00f6ver betala f\u00f6r paketet om avs\u00e4ndaren har skickat det med ett s\u00e5 kallat varuefterkrav.<\/p>\n\n\n\n<h2 class=\"wp-block-heading\"><strong>Vilka olika fraktalternativ kan man v\u00e4lja mellan?<\/strong><\/h2>\n\n\n\n<p>N\u00e4r du ska skicka en f\u00f6rs\u00e4ndelse hos ditt DHL-ombud kan du v\u00e4lja mellan&nbsp;<strong>paket till privatpersoner<\/strong>&nbsp;p\u00e5 upp till 20 kg som levereras inom 1-3 arbetsdagar, eller&nbsp;<strong>paket till f\u00f6retag<\/strong>&nbsp;p\u00e5 upp till 35 kg. Tillsammans f\u00e5r paketets l\u00e4ngsta och kortaste sida vara max 100 cm. Du kan ocks\u00e5 v\u00e4lja till&nbsp;<strong>expressfrakt<\/strong>&nbsp;f\u00f6r leverans n\u00e4sta arbetsdag, och f\u00e5r f\u00f6rs\u00e4ndelsen dessutom v\u00e4ga upp till 70 kg.<\/p>\n\n\n\n<p>Beh\u00f6ver du i st\u00e4llet skicka ett&nbsp;<strong>internationellt paket eller brev<\/strong>&nbsp;f\u00e5r det v\u00e4ga upp till 2 kg och kommer fram inom 2-5 arbetsdagar till l\u00e4nder i v\u00e4stra Europa, samt 5-12 arbetsdagar till resten av v\u00e4rlden. Du kan \u00e4ven skicka&nbsp;<strong>gods<\/strong>&nbsp;i form av till exempel lastpallar och containrar med antingen sj\u00f6frakt, flygfrakt, v\u00e4g- eller j\u00e4rnv\u00e4gstransporter. Denna tj\u00e4nst \u00e4r tillg\u00e4nglig f\u00f6r f\u00f6retag, och inom Sverige sker leveransen n\u00e4sta arbetsdag.<\/p>\n\n\n\n<h2 class=\"wp-block-heading\"><strong>N\u00e4r levererar DHL till ombud?<\/strong><\/h2>\n\n\n\n<p>N\u00e4r du skickar ett paket med DHL i Sverige, levereras paketet vanligtvis till mottagarens n\u00e4rmaste DHL-ombud n\u00e4sta vardag efter att paketet har l\u00e4mnats in, beroende p\u00e5 inl\u00e4mningstidpunkten.<\/p>\n\n\n\n<p>Det kan dock ta en eller tv\u00e5 extra vardagar f\u00f6r vissa orter beroende p\u00e5 varifr\u00e5n godset skickas och var mottagarens DHL-ombud \u00e4r bel\u00e4get. F\u00f6r internationella paket varierar leveranstiden beroende p\u00e5 transportstr\u00e4ckan.<\/p>\n\n\n\n<p>Detaljerad information om leveranstider f\u00f6r b\u00e5de inrikes och utrikes paket finns i DHL:s tidtabeller. Om du v\u00e4ntar p\u00e5 en leverans fr\u00e5n DHL, kommer du att f\u00e5 en avisering via SMS eller e-post n\u00e4r ditt paket finns tillg\u00e4ngligt f\u00f6r h\u00e4mtning hos ditt ombud<\/p>\n\n\n\n<p><em>N\u00e4r kommer dhl till ombud<\/em><\/p>\n","protected":false},"excerpt":{"rendered":"<p>&nbsp; 2. Hitta DHL ombud h\u00e4r och skicka dit dhl paket: Om du beh\u00f6ver skicka ett paket eller en f\u00f6rs\u00e4ndelse med ett p\u00e5litligt och v\u00e4lk\u00e4nt fraktf\u00f6retag kan du v\u00e4nda dig till ditt n\u00e4rmsta DHL-ombud. DHL erbjuder frakttj\u00e4nster b\u00e5de inom Sverige och till \u00f6vriga v\u00e4rlden, och du kan enkelt och smidigt s\u00f6ka efter ombud p\u00e5 DHLs&hellip; <a class=\"more-link\" href=\"https:\/\/paket.se\/dhl\/ombud\/\">Forts\u00e4tt l\u00e4sa <span class=\"screen-reader-text\">DHL Ombud Sverige<\/span><\/a><\/p>\n","protected":false},"author":2,"featured_media":0,"parent":0,"menu_order":0,"comment_status":"closed","ping_status":"open","template":"","meta":{"_cbd_carousel_blocks":"[]","footnotes":""},"class_list":["post-2","page","type-page","status-publish","hentry","entry"],"yoast_head":"<!-- This site is optimized with the Yoast SEO plugin v27.3 - https:\/\/yoast.com\/product\/yoast-seo-wordpress\/ -->\n<title>DHL Ombud Sverige - Hitta DHL Ombud<\/title>\n<meta name=\"robots\" content=\"index, follow, max-snippet:-1, max-image-preview:large, max-video-preview:-1\" \/>\n<link rel=\"canonical\" href=\"https:\/\/paket.se\/dhl\/ombud\/\" \/>\n<meta property=\"og:locale\" content=\"sv_SE\" \/>\n<meta property=\"og:type\" content=\"article\" \/>\n<meta property=\"og:title\" content=\"DHL Ombud Sverige - Hitta DHL Ombud\" \/>\n<meta property=\"og:description\" content=\"&nbsp; 2. Hitta DHL ombud h\u00e4r och skicka dit dhl paket: Om du beh\u00f6ver skicka ett paket eller en f\u00f6rs\u00e4ndelse med ett p\u00e5litligt och v\u00e4lk\u00e4nt fraktf\u00f6retag kan du v\u00e4nda dig till ditt n\u00e4rmsta DHL-ombud. DHL erbjuder frakttj\u00e4nster b\u00e5de inom Sverige och till \u00f6vriga v\u00e4rlden, och du kan enkelt och smidigt s\u00f6ka efter ombud p\u00e5 DHLs&hellip; Forts\u00e4tt l\u00e4sa DHL Ombud Sverige\" \/>\n<meta property=\"og:url\" content=\"https:\/\/paket.se\/dhl\/ombud\/\" \/>\n<meta property=\"og:site_name\" content=\"Hitta DHL Ombud\" \/>\n<meta property=\"article:modified_time\" content=\"2024-02-18T07:27:11+00:00\" \/>\n<meta name=\"twitter:card\" content=\"summary_large_image\" \/>\n<meta name=\"twitter:label1\" content=\"Ber\u00e4knad l\u00e4stid\" \/>\n\t<meta name=\"twitter:data1\" content=\"3 minuter\" \/>\n<script type=\"application\/ld+json\" class=\"yoast-schema-graph\">{\"@context\":\"https:\\\/\\\/schema.org\",\"@graph\":[{\"@type\":\"WebPage\",\"@id\":\"https:\\\/\\\/paket.se\\\/dhl\\\/ombud\\\/\",\"url\":\"https:\\\/\\\/paket.se\\\/dhl\\\/ombud\\\/\",\"name\":\"DHL Ombud Sverige - Hitta DHL Ombud\",\"isPartOf\":{\"@id\":\"https:\\\/\\\/paket.se\\\/dhl\\\/ombud\\\/#website\"},\"primaryImageOfPage\":{\"@id\":\"https:\\\/\\\/paket.se\\\/dhl\\\/ombud\\\/#primaryimage\"},\"image\":{\"@id\":\"https:\\\/\\\/paket.se\\\/dhl\\\/ombud\\\/#primaryimage\"},\"thumbnailUrl\":\"https:\\\/\\\/paket.se\\\/images\\\/UPSombud.PNG\",\"datePublished\":\"2024-02-15T17:53:24+00:00\",\"dateModified\":\"2024-02-18T07:27:11+00:00\",\"breadcrumb\":{\"@id\":\"https:\\\/\\\/paket.se\\\/dhl\\\/ombud\\\/#breadcrumb\"},\"inLanguage\":\"sv-SE\",\"potentialAction\":[{\"@type\":\"ReadAction\",\"target\":[\"https:\\\/\\\/paket.se\\\/dhl\\\/ombud\\\/\"]}]},{\"@type\":\"ImageObject\",\"inLanguage\":\"sv-SE\",\"@id\":\"https:\\\/\\\/paket.se\\\/dhl\\\/ombud\\\/#primaryimage\",\"url\":\"https:\\\/\\\/paket.se\\\/images\\\/UPSombud.PNG\",\"contentUrl\":\"https:\\\/\\\/paket.se\\\/images\\\/UPSombud.PNG\"},{\"@type\":\"BreadcrumbList\",\"@id\":\"https:\\\/\\\/paket.se\\\/dhl\\\/ombud\\\/#breadcrumb\",\"itemListElement\":[{\"@type\":\"ListItem\",\"position\":1,\"name\":\"Home\",\"item\":\"https:\\\/\\\/paket.se\\\/dhl\\\/ombud\\\/\"},{\"@type\":\"ListItem\",\"position\":2,\"name\":\"Sample Page\"}]},{\"@type\":\"WebSite\",\"@id\":\"https:\\\/\\\/paket.se\\\/dhl\\\/ombud\\\/#website\",\"url\":\"https:\\\/\\\/paket.se\\\/dhl\\\/ombud\\\/\",\"name\":\"Hitta DHL Ombud\",\"description\":\"\",\"potentialAction\":[{\"@type\":\"SearchAction\",\"target\":{\"@type\":\"EntryPoint\",\"urlTemplate\":\"https:\\\/\\\/paket.se\\\/dhl\\\/ombud\\\/?s={search_term_string}\"},\"query-input\":{\"@type\":\"PropertyValueSpecification\",\"valueRequired\":true,\"valueName\":\"search_term_string\"}}],\"inLanguage\":\"sv-SE\"}]}<\/script>\n<!-- \/ Yoast SEO plugin. -->","yoast_head_json":{"title":"DHL Ombud Sverige - Hitta DHL Ombud","robots":{"index":"index","follow":"follow","max-snippet":"max-snippet:-1","max-image-preview":"max-image-preview:large","max-video-preview":"max-video-preview:-1"},"canonical":"https:\/\/paket.se\/dhl\/ombud\/","og_locale":"sv_SE","og_type":"article","og_title":"DHL Ombud Sverige - Hitta DHL Ombud","og_description":"&nbsp; 2. Hitta DHL ombud h\u00e4r och skicka dit dhl paket: Om du beh\u00f6ver skicka ett paket eller en f\u00f6rs\u00e4ndelse med ett p\u00e5litligt och v\u00e4lk\u00e4nt fraktf\u00f6retag kan du v\u00e4nda dig till ditt n\u00e4rmsta DHL-ombud. DHL erbjuder frakttj\u00e4nster b\u00e5de inom Sverige och till \u00f6vriga v\u00e4rlden, och du kan enkelt och smidigt s\u00f6ka efter ombud p\u00e5 DHLs&hellip; Forts\u00e4tt l\u00e4sa DHL Ombud Sverige","og_url":"https:\/\/paket.se\/dhl\/ombud\/","og_site_name":"Hitta DHL Ombud","article_modified_time":"2024-02-18T07:27:11+00:00","twitter_card":"summary_large_image","twitter_misc":{"Ber\u00e4knad l\u00e4stid":"3 minuter"},"schema":{"@context":"https:\/\/schema.org","@graph":[{"@type":"WebPage","@id":"https:\/\/paket.se\/dhl\/ombud\/","url":"https:\/\/paket.se\/dhl\/ombud\/","name":"DHL Ombud Sverige - Hitta DHL Ombud","isPartOf":{"@id":"https:\/\/paket.se\/dhl\/ombud\/#website"},"primaryImageOfPage":{"@id":"https:\/\/paket.se\/dhl\/ombud\/#primaryimage"},"image":{"@id":"https:\/\/paket.se\/dhl\/ombud\/#primaryimage"},"thumbnailUrl":"https:\/\/paket.se\/images\/UPSombud.PNG","datePublished":"2024-02-15T17:53:24+00:00","dateModified":"2024-02-18T07:27:11+00:00","breadcrumb":{"@id":"https:\/\/paket.se\/dhl\/ombud\/#breadcrumb"},"inLanguage":"sv-SE","potentialAction":[{"@type":"ReadAction","target":["https:\/\/paket.se\/dhl\/ombud\/"]}]},{"@type":"ImageObject","inLanguage":"sv-SE","@id":"https:\/\/paket.se\/dhl\/ombud\/#primaryimage","url":"https:\/\/paket.se\/images\/UPSombud.PNG","contentUrl":"https:\/\/paket.se\/images\/UPSombud.PNG"},{"@type":"BreadcrumbList","@id":"https:\/\/paket.se\/dhl\/ombud\/#breadcrumb","itemListElement":[{"@type":"ListItem","position":1,"name":"Home","item":"https:\/\/paket.se\/dhl\/ombud\/"},{"@type":"ListItem","position":2,"name":"Sample Page"}]},{"@type":"WebSite","@id":"https:\/\/paket.se\/dhl\/ombud\/#website","url":"https:\/\/paket.se\/dhl\/ombud\/","name":"Hitta DHL Ombud","description":"","potentialAction":[{"@type":"SearchAction","target":{"@type":"EntryPoint","urlTemplate":"https:\/\/paket.se\/dhl\/ombud\/?s={search_term_string}"},"query-input":{"@type":"PropertyValueSpecification","valueRequired":true,"valueName":"search_term_string"}}],"inLanguage":"sv-SE"}]}},"_links":{"self":[{"href":"https:\/\/paket.se\/dhl\/ombud\/wp-json\/wp\/v2\/pages\/2","targetHints":{"allow":["GET"]}}],"collection":[{"href":"https:\/\/paket.se\/dhl\/ombud\/wp-json\/wp\/v2\/pages"}],"about":[{"href":"https:\/\/paket.se\/dhl\/ombud\/wp-json\/wp\/v2\/types\/page"}],"author":[{"embeddable":true,"href":"https:\/\/paket.se\/dhl\/ombud\/wp-json\/wp\/v2\/users\/2"}],"replies":[{"embeddable":true,"href":"https:\/\/paket.se\/dhl\/ombud\/wp-json\/wp\/v2\/comments?post=2"}],"version-history":[{"count":4,"href":"https:\/\/paket.se\/dhl\/ombud\/wp-json\/wp\/v2\/pages\/2\/revisions"}],"predecessor-version":[{"id":1130,"href":"https:\/\/paket.se\/dhl\/ombud\/wp-json\/wp\/v2\/pages\/2\/revisions\/1130"}],"wp:attachment":[{"href":"https:\/\/paket.se\/dhl\/ombud\/wp-json\/wp\/v2\/media?parent=2"}],"curies":[{"name":"wp","href":"https:\/\/api.w.org\/{rel}","templated":true}]}}