{"id":910,"date":"2024-02-18T06:41:45","date_gmt":"2024-02-18T06:41:45","guid":{"rendered":"https:\/\/paket.se\/dhl\/ombud\/spanga\/"},"modified":"2024-02-18T06:41:45","modified_gmt":"2024-02-18T06:41:45","slug":"spanga","status":"publish","type":"page","link":"https:\/\/paket.se\/dhl\/ombud\/spanga\/","title":{"rendered":"Hitta alla DHL ombud i SP\u00c5NGA\ud83c\udfaf"},"content":{"rendered":"\n<figure class=\"wp-block-image size-large\"><a href=\"https:\/\/paket.se\/dhl\/skicka\/paket\"><img loading=\"lazy\" decoding=\"async\" width=\"1024\" height=\"476\" src=\"https:\/\/paket.se\/dhl\/ombud\/wp-content\/uploads\/2024\/02\/dhl-min-1024x476.png\" alt=\"DHL ombud SP\u00c5NGA\" class=\"wp-image-135\" srcset=\"https:\/\/paket.se\/dhl\/ombud\/wp-content\/uploads\/2024\/02\/dhl-min-1024x476.png 1024w, https:\/\/paket.se\/dhl\/ombud\/wp-content\/uploads\/2024\/02\/dhl-min-300x139.png 300w, https:\/\/paket.se\/dhl\/ombud\/wp-content\/uploads\/2024\/02\/dhl-min-768x357.png 768w, https:\/\/paket.se\/dhl\/ombud\/wp-content\/uploads\/2024\/02\/dhl-min-1536x714.png 1536w, https:\/\/paket.se\/dhl\/ombud\/wp-content\/uploads\/2024\/02\/dhl-min-1568x728.png 1568w, https:\/\/paket.se\/dhl\/ombud\/wp-content\/uploads\/2024\/02\/dhl-min.png 1791w\" sizes=\"auto, (max-width: 1024px) 100vw, 1024px\" \/><\/a><\/figure>\n\n\n\n<p>M\u00e5sta du skicka et paket til eller fr\u00e5n SP\u00c5NGA s\u00e5 hittar du h\u00e4r n\u00e4rmeste DHL Service Point i SP\u00c5NGA<\/p>\n\n\n<div id=\"cn-top\" style=\"position: absolute; top: 0; right: 0;\"><\/div><div class=\"cn-list\" id=\"cn-list\" data-connections-version=\"10.4.63-0.7\"><div class=\"cn-template cn-card\" id=\"cn-card\" data-template-version=\"3.0\"><div class=\"cn-list-head\">\n\n<\/div>\n<div class=\"cn-list-body\" id=\"cn-list-body\">\n<div class=\"cn-list-row cn-list-item vcard organization dhl\" id=\"bromstens-kiosk\" data-entry-type=\"organization\" data-entry-id=\"324\" data-entry-slug=\"bromstens-kiosk\"><div class=\"cn-entry\" style=\"background-color: #FFF;border: 1px solid #E3E3E3;border-radius: 4px;color: #000;margin: 8px 0;padding: 10px;position: relative\">\n\n\t<div class=\"cn-left\" style=\"width:49%; float:left\">\n\t\t\n\t\t<div style=\"clear:both;\"><\/div>\n\t\t<div style=\"margin-bottom: 10px;\">\n\t\t\t<div style=\"font-size:larger;font-variant: small-caps\"><strong><a title=\"BROMSTENS KIOSK\" href=\"https:\/\/paket.se\/dhl\/ombud\/spanga\/name\/bromstens-kiosk\/\"><span class=\"org fn notranslate\">BROMSTENS KIOSK<\/span><\/a>\n<\/strong><\/div>\n\t\t\t<span class=\"org\"><span class=\"organization-name notranslate\" style=\"display: none;\">BROMSTENS KIOSK<\/span><\/span>\n\t\t<\/div>\n\n\t<\/div>\n\n\t<div class=\"cn-right\" style=\"text-align: right;\">\n\n\t\t<span class=\"address-block\"><span class=\"adr cn-address\"> <span class=\"street-address notranslate\">DUVBOV\u00c4GEN 105<\/span> <span class=\"street-address notranslate\">Mon.: 09:00 &#8211; 20:00\n Tis: 09:00 &#8211; 20:00\n Ons: 09:00 &#8211; 20:00\n Tors: 09:00 &#8211; 20:00\n Fre: 09:00 &#8211; 20:00\n L\u00f6r: 10:00 &#8211; 20:00\n Son: 10:00 &#8211; 20:00<\/span> <span class=\"locality\">SP\u00c5NGA<\/span> <span class=\"postal-code\">16340<\/span> <span class=\"type\" style=\"display: none;\">home<\/span><\/span><\/span>\n\n\t<\/div>\n\n\t<div style=\"clear:both\"><\/div>\n\n\t\n\t<div class=\"cn-meta\" style=\"margin-top: 6px\">\n\t\t\t<\/div>\n\n\t<div class=\"cn-clear\" style=\"display:table;width:100%;\">\n\t\t<div style=\"display:table-cell;vertical-align:middle;\">\n\t\t\t<div class=\"cn-categories\"><span class=\"cn_category_label\">Kategorier: <\/span> <span class=\"cn-category-name cn_category cn-category-2 cn-category-dhl\">DHL<\/span><\/div>\n\t\t<\/div>\n\t\t<div style=\"display:table-cell;text-align:right;vertical-align:middle;\">\n\t\t\t<span class=\"cn-last-updated\" style=\"display: none;font-size: 10px;font-variant: small-caps;margin-right: 10px\">Uppdaterad 2 \u00e5r sedan<\/span>\n<span class=\"cn-return-to-top\"><a href=\"#cn-top\" title=\"Tillbaka till toppen.\"><img decoding=\"async\" src=\"https:\/\/paket.se\/dhl\/ombud\/wp-content\/plugins\/connections\/assets\/images\/uparrow.gif\" alt=\"Tillbaka till toppen.\"\/><\/a><\/span>\n\t\t<\/div>\n\t<\/div>\n\n<\/div>\n\n<\/div>\n<div class=\"cn-list-row-alternate cn-list-item vcard organization dhl\" id=\"direkten-spanga\" data-entry-type=\"organization\" data-entry-id=\"76\" data-entry-slug=\"direkten-spanga\"><div class=\"cn-entry\" style=\"background-color: #FFF;border: 1px solid #E3E3E3;border-radius: 4px;color: #000;margin: 8px 0;padding: 10px;position: relative\">\n\n\t<div class=\"cn-left\" style=\"width:49%; float:left\">\n\t\t\n\t\t<div style=\"clear:both;\"><\/div>\n\t\t<div style=\"margin-bottom: 10px;\">\n\t\t\t<div style=\"font-size:larger;font-variant: small-caps\"><strong><a title=\"DIREKTEN SP\u00c5NGA\" href=\"https:\/\/paket.se\/dhl\/ombud\/spanga\/name\/direkten-spanga\/\"><span class=\"org fn notranslate\">DIREKTEN SP\u00c5NGA<\/span><\/a>\n<\/strong><\/div>\n\t\t\t<span class=\"org\"><span class=\"organization-name notranslate\" style=\"display: none;\">DIREKTEN SP\u00c5NGA<\/span><\/span>\n\t\t<\/div>\n\n\t<\/div>\n\n\t<div class=\"cn-right\" style=\"text-align: right;\">\n\n\t\t<span class=\"address-block\"><span class=\"adr cn-address\"> <span class=\"street-address notranslate\">SP\u00c5NGA TORGV\u00c4G 8<\/span> <span class=\"street-address notranslate\">Mon.: 10:00 &#8211; 20:00\n Tis: 10:00 &#8211; 20:00\n Ons: 10:00 &#8211; 20:00\n Tors: 10:00 &#8211; 20:00\n Fre: 10:00 &#8211; 20:00\n L\u00f6r: 10:00 &#8211; 19:00\n Son: 11:00 &#8211; 16:00<\/span> <span class=\"locality\">SP\u00c5NGA<\/span> <span class=\"postal-code\">16351<\/span> <span class=\"type\" style=\"display: none;\">home<\/span><\/span><\/span>\n\n\t<\/div>\n\n\t<div style=\"clear:both\"><\/div>\n\n\t\n\t<div class=\"cn-meta\" style=\"margin-top: 6px\">\n\t\t\t<\/div>\n\n\t<div class=\"cn-clear\" style=\"display:table;width:100%;\">\n\t\t<div style=\"display:table-cell;vertical-align:middle;\">\n\t\t\t<div class=\"cn-categories\"><span class=\"cn_category_label\">Kategorier: <\/span> <span class=\"cn-category-name cn_category cn-category-2 cn-category-dhl\">DHL<\/span><\/div>\n\t\t<\/div>\n\t\t<div style=\"display:table-cell;text-align:right;vertical-align:middle;\">\n\t\t\t<span class=\"cn-last-updated\" style=\"display: none;font-size: 10px;font-variant: small-caps;margin-right: 10px\">Uppdaterad 2 \u00e5r sedan<\/span>\n<span class=\"cn-return-to-top\"><a href=\"#cn-top\" title=\"Tillbaka till toppen.\"><img decoding=\"async\" src=\"https:\/\/paket.se\/dhl\/ombud\/wp-content\/plugins\/connections\/assets\/images\/uparrow.gif\" alt=\"Tillbaka till toppen.\"\/><\/a><\/span>\n\t\t<\/div>\n\t<\/div>\n\n<\/div>\n\n<\/div>\n<div class=\"cn-list-row cn-list-item vcard organization dhl\" id=\"fadak-livs\" data-entry-type=\"organization\" data-entry-id=\"323\" data-entry-slug=\"fadak-livs\"><div class=\"cn-entry\" style=\"background-color: #FFF;border: 1px solid #E3E3E3;border-radius: 4px;color: #000;margin: 8px 0;padding: 10px;position: relative\">\n\n\t<div class=\"cn-left\" style=\"width:49%; float:left\">\n\t\t\n\t\t<div style=\"clear:both;\"><\/div>\n\t\t<div style=\"margin-bottom: 10px;\">\n\t\t\t<div style=\"font-size:larger;font-variant: small-caps\"><strong><a title=\"FADAK LIVS\" href=\"https:\/\/paket.se\/dhl\/ombud\/spanga\/name\/fadak-livs\/\"><span class=\"org fn notranslate\">FADAK LIVS<\/span><\/a>\n<\/strong><\/div>\n\t\t\t<span class=\"org\"><span class=\"organization-name notranslate\" style=\"display: none;\">FADAK LIVS<\/span><\/span>\n\t\t<\/div>\n\n\t<\/div>\n\n\t<div class=\"cn-right\" style=\"text-align: right;\">\n\n\t\t<span class=\"address-block\"><span class=\"adr cn-address\"> <span class=\"street-address notranslate\">TISSLINGEPLAN 36<\/span> <span class=\"street-address notranslate\">Mon.: 07:00 &#8211; 21:00\n Tis: 07:00 &#8211; 21:00\n Ons: 07:00 &#8211; 21:00\n Tors: 07:00 &#8211; 21:00\n Fre: 07:00 &#8211; 21:00\n L\u00f6r: 09:00 &#8211; 21:00\n Son: 10:00 &#8211; 20:00<\/span> <span class=\"locality\">SP\u00c5NGA<\/span> <span class=\"postal-code\">16361<\/span> <span class=\"type\" style=\"display: none;\">home<\/span><\/span><\/span>\n\n\t<\/div>\n\n\t<div style=\"clear:both\"><\/div>\n\n\t\n\t<div class=\"cn-meta\" style=\"margin-top: 6px\">\n\t\t\t<\/div>\n\n\t<div class=\"cn-clear\" style=\"display:table;width:100%;\">\n\t\t<div style=\"display:table-cell;vertical-align:middle;\">\n\t\t\t<div class=\"cn-categories\"><span class=\"cn_category_label\">Kategorier: <\/span> <span class=\"cn-category-name cn_category cn-category-2 cn-category-dhl\">DHL<\/span><\/div>\n\t\t<\/div>\n\t\t<div style=\"display:table-cell;text-align:right;vertical-align:middle;\">\n\t\t\t<span class=\"cn-last-updated\" style=\"display: none;font-size: 10px;font-variant: small-caps;margin-right: 10px\">Uppdaterad 2 \u00e5r sedan<\/span>\n<span class=\"cn-return-to-top\"><a href=\"#cn-top\" title=\"Tillbaka till toppen.\"><img decoding=\"async\" src=\"https:\/\/paket.se\/dhl\/ombud\/wp-content\/plugins\/connections\/assets\/images\/uparrow.gif\" alt=\"Tillbaka till toppen.\"\/><\/a><\/span>\n\t\t<\/div>\n\t<\/div>\n\n<\/div>\n\n<\/div>\n<div class=\"cn-list-row-alternate cn-list-item vcard organization dhl\" id=\"myway-kiosk-juicebar-rinkeby\" data-entry-type=\"organization\" data-entry-id=\"325\" data-entry-slug=\"myway-kiosk-juicebar-rinkeby\"><div class=\"cn-entry\" style=\"background-color: #FFF;border: 1px solid #E3E3E3;border-radius: 4px;color: #000;margin: 8px 0;padding: 10px;position: relative\">\n\n\t<div class=\"cn-left\" style=\"width:49%; float:left\">\n\t\t\n\t\t<div style=\"clear:both;\"><\/div>\n\t\t<div style=\"margin-bottom: 10px;\">\n\t\t\t<div style=\"font-size:larger;font-variant: small-caps\"><strong><a title=\"MYWAY &#8211; KIOSK &#038; JUICEBAR RINKEBY\" href=\"https:\/\/paket.se\/dhl\/ombud\/spanga\/name\/myway-kiosk-juicebar-rinkeby\/\"><span class=\"org fn notranslate\">MYWAY &#8211; KIOSK &#038; JUICEBAR RINKEBY<\/span><\/a>\n<\/strong><\/div>\n\t\t\t<span class=\"org\"><span class=\"organization-name notranslate\" style=\"display: none;\">MYWAY &#8211; KIOSK &#038; JUICEBAR RINKEBY<\/span><\/span>\n\t\t<\/div>\n\n\t<\/div>\n\n\t<div class=\"cn-right\" style=\"text-align: right;\">\n\n\t\t<span class=\"address-block\"><span class=\"adr cn-address\"> <span class=\"street-address notranslate\">RINKEBYSTR\u00c5KET 78<\/span> <span class=\"street-address notranslate\">Mon.: 08:00 &#8211; 20:00\n Tis: 08:00 &#8211; 20:00\n Ons: 08:00 &#8211; 20:00\n Tors: 08:00 &#8211; 20:00\n Fre: 08:00 &#8211; 20:00\n L\u00f6r: 10:00 &#8211; 19:00\n Son: 10:00 &#8211; 19:00<\/span> <span class=\"locality\">SP\u00c5NGA<\/span> <span class=\"postal-code\">16372<\/span> <span class=\"type\" style=\"display: none;\">home<\/span><\/span><\/span>\n\n\t<\/div>\n\n\t<div style=\"clear:both\"><\/div>\n\n\t\n\t<div class=\"cn-meta\" style=\"margin-top: 6px\">\n\t\t\t<\/div>\n\n\t<div class=\"cn-clear\" style=\"display:table;width:100%;\">\n\t\t<div style=\"display:table-cell;vertical-align:middle;\">\n\t\t\t<div class=\"cn-categories\"><span class=\"cn_category_label\">Kategorier: <\/span> <span class=\"cn-category-name cn_category cn-category-2 cn-category-dhl\">DHL<\/span><\/div>\n\t\t<\/div>\n\t\t<div style=\"display:table-cell;text-align:right;vertical-align:middle;\">\n\t\t\t<span class=\"cn-last-updated\" style=\"display: none;font-size: 10px;font-variant: small-caps;margin-right: 10px\">Uppdaterad 2 \u00e5r sedan<\/span>\n<span class=\"cn-return-to-top\"><a href=\"#cn-top\" title=\"Tillbaka till toppen.\"><img decoding=\"async\" src=\"https:\/\/paket.se\/dhl\/ombud\/wp-content\/plugins\/connections\/assets\/images\/uparrow.gif\" alt=\"Tillbaka till toppen.\"\/><\/a><\/span>\n\t\t<\/div>\n\t<\/div>\n\n<\/div>\n\n<\/div>\n<div class=\"cn-list-row cn-list-item vcard organization dhl\" id=\"nalsta-video\" data-entry-type=\"organization\" data-entry-id=\"1516\" data-entry-slug=\"nalsta-video\"><div class=\"cn-entry\" style=\"background-color: #FFF;border: 1px solid #E3E3E3;border-radius: 4px;color: #000;margin: 8px 0;padding: 10px;position: relative\">\n\n\t<div class=\"cn-left\" style=\"width:49%; float:left\">\n\t\t\n\t\t<div style=\"clear:both;\"><\/div>\n\t\t<div style=\"margin-bottom: 10px;\">\n\t\t\t<div style=\"font-size:larger;font-variant: small-caps\"><strong><a title=\"N\u00c4LSTA VIDEO\" href=\"https:\/\/paket.se\/dhl\/ombud\/spanga\/name\/nalsta-video\/\"><span class=\"org fn notranslate\">N\u00c4LSTA VIDEO<\/span><\/a>\n<\/strong><\/div>\n\t\t\t<span class=\"org\"><span class=\"organization-name notranslate\" style=\"display: none;\">N\u00c4LSTA VIDEO<\/span><\/span>\n\t\t<\/div>\n\n\t<\/div>\n\n\t<div class=\"cn-right\" style=\"text-align: right;\">\n\n\t\t<span class=\"address-block\"><span class=\"adr cn-address\"> <span class=\"street-address notranslate\">SP\u00c5NGAV\u00c4GEN 353<\/span> <span class=\"street-address notranslate\">Mon.: 10:00 &#8211; 19:00\n Tis: 10:00 &#8211; 19:00\n Ons: 10:00 &#8211; 19:00\n Tors: 10:00 &#8211; 19:00\n Fre: 10:00 &#8211; 19:00\n L\u00f6r: 11:00 &#8211; 15:00<\/span> <span class=\"locality\">SP\u00c5NGA<\/span> <span class=\"postal-code\">16355<\/span> <span class=\"type\" style=\"display: none;\">home<\/span><\/span><\/span>\n\n\t<\/div>\n\n\t<div style=\"clear:both\"><\/div>\n\n\t\n\t<div class=\"cn-meta\" style=\"margin-top: 6px\">\n\t\t\t<\/div>\n\n\t<div class=\"cn-clear\" style=\"display:table;width:100%;\">\n\t\t<div style=\"display:table-cell;vertical-align:middle;\">\n\t\t\t<div class=\"cn-categories\"><span class=\"cn_category_label\">Kategorier: <\/span> <span class=\"cn-category-name cn_category cn-category-2 cn-category-dhl\">DHL<\/span><\/div>\n\t\t<\/div>\n\t\t<div style=\"display:table-cell;text-align:right;vertical-align:middle;\">\n\t\t\t<span class=\"cn-last-updated\" style=\"display: none;font-size: 10px;font-variant: small-caps;margin-right: 10px\">Uppdaterad 2 \u00e5r sedan<\/span>\n<span class=\"cn-return-to-top\"><a href=\"#cn-top\" title=\"Tillbaka till toppen.\"><img decoding=\"async\" src=\"https:\/\/paket.se\/dhl\/ombud\/wp-content\/plugins\/connections\/assets\/images\/uparrow.gif\" alt=\"Tillbaka till toppen.\"\/><\/a><\/span>\n\t\t<\/div>\n\t<\/div>\n\n<\/div>\n\n<\/div>\n<\/div>\n<div class=\"cn-list-foot\">\n\n<\/div>\n\n<\/div>\n\n<\/div>\n\n\n\n<div class=\"wp-block-buttons is-content-justification-center is-layout-flex wp-container-core-buttons-is-layout-16018d1d wp-block-buttons-is-layout-flex\">\n<div class=\"wp-block-button\"><a class=\"wp-block-button__link has-black-color has-text-color has-background wp-element-button\" href=\"https:\/\/paket.se\/dhl\/skicka\/paket\" style=\"border-radius:50px;background-color:#e7d55f\" rel=\"nofollow\">Skicka DHL paket billigt h\u00e4r<\/a><\/div>\n<\/div>\n\n\n\n<ul class=\"is-style-checkmark-list wp-block-list\">\n<li>DHL Utl\u00e4mningsst\u00e4lle SP\u00c5NGA<\/li>\n\n\n\n<li>DHL Inl\u00e4mning SP\u00c5NGA<\/li>\n\n\n\n<li>DHL Ombud SP\u00c5NGA<\/li>\n\n\n\n<li>DHL Service point SP\u00c5NGA<\/li>\n\n\n\n<li>DHL Drop off SP\u00c5NGA<\/li>\n\n\n\n<li>DHL Service St\u00e4lle SP\u00c5NGA<\/li>\n\n\n\n<li>DHL \u00d6ppettider SP\u00c5NGA<\/li>\n<\/ul>\n\n\n\n<p><\/p>\n","protected":false},"excerpt":{"rendered":"<p>M\u00e5sta du skicka et paket til eller fr\u00e5n SP\u00c5NGA s\u00e5 hittar du h\u00e4r n\u00e4rmeste DHL Service Point i SP\u00c5NGA<\/p>\n","protected":false},"author":2,"featured_media":0,"parent":0,"menu_order":0,"comment_status":"closed","ping_status":"closed","template":"","meta":{"_cbd_carousel_blocks":"[]","footnotes":""},"class_list":["post-910","page","type-page","status-publish","hentry","entry"],"yoast_head":"<!-- This site is optimized with the Yoast SEO plugin v27.3 - https:\/\/yoast.com\/product\/yoast-seo-wordpress\/ -->\n<title>Hitta alla DHL ombud i SP\u00c5NGA\ud83c\udfaf<\/title>\n<meta name=\"description\" content=\"Hitta n\u00e4rmaste DHL Service Point i SP\u00c5NGA\" \/>\n<meta name=\"robots\" content=\"index, follow, max-snippet:-1, max-image-preview:large, max-video-preview:-1\" \/>\n<link rel=\"canonical\" href=\"https:\/\/paket.se\/dhl\/ombud\/spanga\/\" \/>\n<meta property=\"og:locale\" content=\"sv_SE\" \/>\n<meta property=\"og:type\" content=\"article\" \/>\n<meta property=\"og:title\" content=\"Hitta alla DHL ombud i SP\u00c5NGA\ud83c\udfaf\" \/>\n<meta property=\"og:description\" content=\"Hitta n\u00e4rmaste DHL Service Point i SP\u00c5NGA\" \/>\n<meta property=\"og:url\" content=\"https:\/\/paket.se\/dhl\/ombud\/spanga\/\" \/>\n<meta property=\"og:site_name\" content=\"Hitta DHL Ombud\" \/>\n<meta property=\"og:image\" content=\"https:\/\/paket.se\/dhl\/ombud\/wp-content\/uploads\/2024\/02\/dhl-min-1024x476.png\" \/>\n<meta name=\"twitter:card\" content=\"summary_large_image\" \/>\n<meta name=\"twitter:label1\" content=\"Ber\u00e4knad l\u00e4stid\" \/>\n\t<meta name=\"twitter:data1\" content=\"1 minut\" \/>\n<script type=\"application\/ld+json\" class=\"yoast-schema-graph\">{\"@context\":\"https:\\\/\\\/schema.org\",\"@graph\":[{\"@type\":\"WebPage\",\"@id\":\"https:\\\/\\\/paket.se\\\/dhl\\\/ombud\\\/spanga\\\/\",\"url\":\"https:\\\/\\\/paket.se\\\/dhl\\\/ombud\\\/spanga\\\/\",\"name\":\"Hitta alla DHL ombud i SP\u00c5NGA\ud83c\udfaf\",\"isPartOf\":{\"@id\":\"https:\\\/\\\/paket.se\\\/dhl\\\/ombud\\\/#website\"},\"primaryImageOfPage\":{\"@id\":\"https:\\\/\\\/paket.se\\\/dhl\\\/ombud\\\/spanga\\\/#primaryimage\"},\"image\":{\"@id\":\"https:\\\/\\\/paket.se\\\/dhl\\\/ombud\\\/spanga\\\/#primaryimage\"},\"thumbnailUrl\":\"https:\\\/\\\/paket.se\\\/dhl\\\/ombud\\\/wp-content\\\/uploads\\\/2024\\\/02\\\/dhl-min-1024x476.png\",\"datePublished\":\"2024-02-18T06:41:45+00:00\",\"description\":\"Hitta n\u00e4rmaste DHL Service Point i SP\u00c5NGA\",\"breadcrumb\":{\"@id\":\"https:\\\/\\\/paket.se\\\/dhl\\\/ombud\\\/spanga\\\/#breadcrumb\"},\"inLanguage\":\"sv-SE\",\"potentialAction\":[{\"@type\":\"ReadAction\",\"target\":[\"https:\\\/\\\/paket.se\\\/dhl\\\/ombud\\\/spanga\\\/\"]}]},{\"@type\":\"ImageObject\",\"inLanguage\":\"sv-SE\",\"@id\":\"https:\\\/\\\/paket.se\\\/dhl\\\/ombud\\\/spanga\\\/#primaryimage\",\"url\":\"https:\\\/\\\/paket.se\\\/dhl\\\/ombud\\\/wp-content\\\/uploads\\\/2024\\\/02\\\/dhl-min.png\",\"contentUrl\":\"https:\\\/\\\/paket.se\\\/dhl\\\/ombud\\\/wp-content\\\/uploads\\\/2024\\\/02\\\/dhl-min.png\",\"width\":1791,\"height\":832},{\"@type\":\"BreadcrumbList\",\"@id\":\"https:\\\/\\\/paket.se\\\/dhl\\\/ombud\\\/spanga\\\/#breadcrumb\",\"itemListElement\":[{\"@type\":\"ListItem\",\"position\":1,\"name\":\"Home\",\"item\":\"https:\\\/\\\/paket.se\\\/dhl\\\/ombud\\\/\"},{\"@type\":\"ListItem\",\"position\":2,\"name\":\"Hitta alla DHL ombud i SP\u00c5NGA\ud83c\udfaf\"}]},{\"@type\":\"WebSite\",\"@id\":\"https:\\\/\\\/paket.se\\\/dhl\\\/ombud\\\/#website\",\"url\":\"https:\\\/\\\/paket.se\\\/dhl\\\/ombud\\\/\",\"name\":\"Hitta DHL Ombud\",\"description\":\"\",\"potentialAction\":[{\"@type\":\"SearchAction\",\"target\":{\"@type\":\"EntryPoint\",\"urlTemplate\":\"https:\\\/\\\/paket.se\\\/dhl\\\/ombud\\\/?s={search_term_string}\"},\"query-input\":{\"@type\":\"PropertyValueSpecification\",\"valueRequired\":true,\"valueName\":\"search_term_string\"}}],\"inLanguage\":\"sv-SE\"}]}<\/script>\n<!-- \/ Yoast SEO plugin. -->","yoast_head_json":{"title":"Hitta alla DHL ombud i SP\u00c5NGA\ud83c\udfaf","description":"Hitta n\u00e4rmaste DHL Service Point i SP\u00c5NGA","robots":{"index":"index","follow":"follow","max-snippet":"max-snippet:-1","max-image-preview":"max-image-preview:large","max-video-preview":"max-video-preview:-1"},"canonical":"https:\/\/paket.se\/dhl\/ombud\/spanga\/","og_locale":"sv_SE","og_type":"article","og_title":"Hitta alla DHL ombud i SP\u00c5NGA\ud83c\udfaf","og_description":"Hitta n\u00e4rmaste DHL Service Point i SP\u00c5NGA","og_url":"https:\/\/paket.se\/dhl\/ombud\/spanga\/","og_site_name":"Hitta DHL Ombud","og_image":[{"url":"https:\/\/paket.se\/dhl\/ombud\/wp-content\/uploads\/2024\/02\/dhl-min-1024x476.png","type":"","width":"","height":""}],"twitter_card":"summary_large_image","twitter_misc":{"Ber\u00e4knad l\u00e4stid":"1 minut"},"schema":{"@context":"https:\/\/schema.org","@graph":[{"@type":"WebPage","@id":"https:\/\/paket.se\/dhl\/ombud\/spanga\/","url":"https:\/\/paket.se\/dhl\/ombud\/spanga\/","name":"Hitta alla DHL ombud i SP\u00c5NGA\ud83c\udfaf","isPartOf":{"@id":"https:\/\/paket.se\/dhl\/ombud\/#website"},"primaryImageOfPage":{"@id":"https:\/\/paket.se\/dhl\/ombud\/spanga\/#primaryimage"},"image":{"@id":"https:\/\/paket.se\/dhl\/ombud\/spanga\/#primaryimage"},"thumbnailUrl":"https:\/\/paket.se\/dhl\/ombud\/wp-content\/uploads\/2024\/02\/dhl-min-1024x476.png","datePublished":"2024-02-18T06:41:45+00:00","description":"Hitta n\u00e4rmaste DHL Service Point i SP\u00c5NGA","breadcrumb":{"@id":"https:\/\/paket.se\/dhl\/ombud\/spanga\/#breadcrumb"},"inLanguage":"sv-SE","potentialAction":[{"@type":"ReadAction","target":["https:\/\/paket.se\/dhl\/ombud\/spanga\/"]}]},{"@type":"ImageObject","inLanguage":"sv-SE","@id":"https:\/\/paket.se\/dhl\/ombud\/spanga\/#primaryimage","url":"https:\/\/paket.se\/dhl\/ombud\/wp-content\/uploads\/2024\/02\/dhl-min.png","contentUrl":"https:\/\/paket.se\/dhl\/ombud\/wp-content\/uploads\/2024\/02\/dhl-min.png","width":1791,"height":832},{"@type":"BreadcrumbList","@id":"https:\/\/paket.se\/dhl\/ombud\/spanga\/#breadcrumb","itemListElement":[{"@type":"ListItem","position":1,"name":"Home","item":"https:\/\/paket.se\/dhl\/ombud\/"},{"@type":"ListItem","position":2,"name":"Hitta alla DHL ombud i SP\u00c5NGA\ud83c\udfaf"}]},{"@type":"WebSite","@id":"https:\/\/paket.se\/dhl\/ombud\/#website","url":"https:\/\/paket.se\/dhl\/ombud\/","name":"Hitta DHL Ombud","description":"","potentialAction":[{"@type":"SearchAction","target":{"@type":"EntryPoint","urlTemplate":"https:\/\/paket.se\/dhl\/ombud\/?s={search_term_string}"},"query-input":{"@type":"PropertyValueSpecification","valueRequired":true,"valueName":"search_term_string"}}],"inLanguage":"sv-SE"}]}},"_links":{"self":[{"href":"https:\/\/paket.se\/dhl\/ombud\/wp-json\/wp\/v2\/pages\/910","targetHints":{"allow":["GET"]}}],"collection":[{"href":"https:\/\/paket.se\/dhl\/ombud\/wp-json\/wp\/v2\/pages"}],"about":[{"href":"https:\/\/paket.se\/dhl\/ombud\/wp-json\/wp\/v2\/types\/page"}],"author":[{"embeddable":true,"href":"https:\/\/paket.se\/dhl\/ombud\/wp-json\/wp\/v2\/users\/2"}],"replies":[{"embeddable":true,"href":"https:\/\/paket.se\/dhl\/ombud\/wp-json\/wp\/v2\/comments?post=910"}],"version-history":[{"count":0,"href":"https:\/\/paket.se\/dhl\/ombud\/wp-json\/wp\/v2\/pages\/910\/revisions"}],"wp:attachment":[{"href":"https:\/\/paket.se\/dhl\/ombud\/wp-json\/wp\/v2\/media?parent=910"}],"curies":[{"name":"wp","href":"https:\/\/api.w.org\/{rel}","templated":true}]}}