{"id":477,"date":"2024-02-11T08:57:14","date_gmt":"2024-02-11T07:30:32","guid":{"rendered":"https:\/\/paket.se\/instabox\/paketskap\/mjolby\/"},"modified":"2024-02-11T08:57:14","modified_gmt":"2024-02-11T08:57:14","slug":"mjolby","status":"publish","type":"page","link":"https:\/\/paket.se\/instabox\/paketskap\/mjolby\/","title":{"rendered":"Hitta Instabox i Mj\u00f6lby"},"content":{"rendered":"\n<p>S\u00f6k och hitta alla Instabox Paketsk\u00e5p i Mj\u00f6lby<\/p>\n\n\n<div id=\"cn-top\" style=\"position: absolute; top: 0; right: 0;\"><\/div><div class=\"cn-list\" id=\"cn-list\" data-connections-version=\"10.4.65-0.7\"><div class=\"cn-template cn-card\" id=\"cn-card\" data-template-version=\"3.0\"><div class=\"cn-list-head\">\n\n<\/div>\n<div class=\"cn-list-body\" id=\"cn-list-body\">\n<div class=\"cn-list-row cn-list-item vcard organization instabox\" id=\"mjolby-coop\" data-entry-type=\"organization\" data-entry-id=\"1707\" data-entry-slug=\"mjolby-coop\"><div class=\"cn-entry\" style=\"background-color: #FFF;border: 1px solid #E3E3E3;border-radius: 4px;color: #000;margin: 8px 0;padding: 10px;position: relative\">\n\n\t<div class=\"cn-left\" style=\"width:49%; float:left\">\n\t\t\n\t\t<div style=\"clear:both;\"><\/div>\n\t\t<div style=\"margin-bottom: 10px;\">\n\t\t\t<div style=\"font-size:larger;font-variant: small-caps\"><strong><a title=\"Mj\u00f6lby Coop\" href=\"https:\/\/paket.se\/instabox\/paketskap\/mjolby\/name\/mjolby-coop\/\"><span class=\"org fn notranslate\">Mj\u00f6lby Coop<\/span><\/a>\n<\/strong><\/div>\n\t\t\t<span class=\"org\"><span class=\"organization-name notranslate\" style=\"display: none;\">Mj\u00f6lby Coop<\/span><span class=\"organization-unit notranslate\">Instabox<\/span><\/span>\n\t\t<\/div>\n\n\t<\/div>\n\n\t<div class=\"cn-right\" style=\"text-align: right;\">\n\n\t\t<span class=\"address-block\"><span class=\"adr cn-address\"> <span class=\"street-address notranslate\">Hallevadsgatan 2<\/span> <span class=\"street-address notranslate\">M\u00e5ndag-Fredag: 08:00-21:00\n L\u00f6rdag: 08:00-20:00\n S\u00f6ndag: 10:00-20:00<\/span> <span class=\"locality\">Mj\u00f6lby<\/span> <span class=\"postal-code\">59535<\/span> <span class=\"type\" style=\"display: none;\">home<\/span><\/span><\/span>\n\n\t<\/div>\n\n\t<div style=\"clear:both\"><\/div>\n\n\t\n\t<div class=\"cn-meta\" style=\"margin-top: 6px\">\n\t\t\t<\/div>\n\n\t<div class=\"cn-clear\" style=\"display:table;width:100%;\">\n\t\t<div style=\"display:table-cell;vertical-align:middle;\">\n\t\t\t<div class=\"cn-categories\"><span class=\"cn_category_label\">Kategorier: <\/span> <span class=\"cn-category-name cn_category cn-category-2 cn-category-instabox\">Instabox<\/span><\/div>\n\t\t<\/div>\n\t\t<div style=\"display:table-cell;text-align:right;vertical-align:middle;\">\n\t\t\t<span class=\"cn-last-updated\" style=\"display: none;font-size: 10px;font-variant: small-caps;margin-right: 10px\">Uppdaterad 2 \u00e5r sedan<\/span>\n<span class=\"cn-return-to-top\"><a href=\"#cn-top\" title=\"Tillbaka till toppen.\"><img decoding=\"async\" src=\"https:\/\/paket.se\/instabox\/paketskap\/wp-content\/plugins\/connections\/assets\/images\/uparrow.gif\" alt=\"Tillbaka till toppen.\"\/><\/a><\/span>\n\t\t<\/div>\n\t<\/div>\n\n<\/div>\n\n<\/div>\n<div class=\"cn-list-row-alternate cn-list-item vcard organization instabox\" id=\"mjolby-gallerian-kvarnen\" data-entry-type=\"organization\" data-entry-id=\"1705\" data-entry-slug=\"mjolby-gallerian-kvarnen\"><div class=\"cn-entry\" style=\"background-color: #FFF;border: 1px solid #E3E3E3;border-radius: 4px;color: #000;margin: 8px 0;padding: 10px;position: relative\">\n\n\t<div class=\"cn-left\" style=\"width:49%; float:left\">\n\t\t\n\t\t<div style=\"clear:both;\"><\/div>\n\t\t<div style=\"margin-bottom: 10px;\">\n\t\t\t<div style=\"font-size:larger;font-variant: small-caps\"><strong><a title=\"Mj\u00f6lby Gallerian Kvarnen\" href=\"https:\/\/paket.se\/instabox\/paketskap\/mjolby\/name\/mjolby-gallerian-kvarnen\/\"><span class=\"org fn notranslate\">Mj\u00f6lby Gallerian Kvarnen<\/span><\/a>\n<\/strong><\/div>\n\t\t\t<span class=\"org\"><span class=\"organization-name notranslate\" style=\"display: none;\">Mj\u00f6lby Gallerian Kvarnen<\/span><span class=\"organization-unit notranslate\">Instabox<\/span><\/span>\n\t\t<\/div>\n\n\t<\/div>\n\n\t<div class=\"cn-right\" style=\"text-align: right;\">\n\n\t\t<span class=\"address-block\"><span class=\"adr cn-address\"> <span class=\"street-address notranslate\">Jerikodalsgatan 3<\/span> <span class=\"street-address notranslate\">M\u00e5ndag-Fredag: 10:00-18:00\n L\u00f6rdag: 10:00-15:00\n S\u00f6ndag: St\u00e4ngt<\/span> <span class=\"locality\">Mj\u00f6lby<\/span> <span class=\"postal-code\">59530<\/span> <span class=\"type\" style=\"display: none;\">home<\/span><\/span><\/span>\n\n\t<\/div>\n\n\t<div style=\"clear:both\"><\/div>\n\n\t\n\t<div class=\"cn-meta\" style=\"margin-top: 6px\">\n\t\t\t<\/div>\n\n\t<div class=\"cn-clear\" style=\"display:table;width:100%;\">\n\t\t<div style=\"display:table-cell;vertical-align:middle;\">\n\t\t\t<div class=\"cn-categories\"><span class=\"cn_category_label\">Kategorier: <\/span> <span class=\"cn-category-name cn_category cn-category-2 cn-category-instabox\">Instabox<\/span><\/div>\n\t\t<\/div>\n\t\t<div style=\"display:table-cell;text-align:right;vertical-align:middle;\">\n\t\t\t<span class=\"cn-last-updated\" style=\"display: none;font-size: 10px;font-variant: small-caps;margin-right: 10px\">Uppdaterad 2 \u00e5r sedan<\/span>\n<span class=\"cn-return-to-top\"><a href=\"#cn-top\" title=\"Tillbaka till toppen.\"><img decoding=\"async\" src=\"https:\/\/paket.se\/instabox\/paketskap\/wp-content\/plugins\/connections\/assets\/images\/uparrow.gif\" alt=\"Tillbaka till toppen.\"\/><\/a><\/span>\n\t\t<\/div>\n\t<\/div>\n\n<\/div>\n\n<\/div>\n<div class=\"cn-list-row cn-list-item vcard organization instabox\" id=\"mjolby-hemkop\" data-entry-type=\"organization\" data-entry-id=\"1706\" data-entry-slug=\"mjolby-hemkop\"><div class=\"cn-entry\" style=\"background-color: #FFF;border: 1px solid #E3E3E3;border-radius: 4px;color: #000;margin: 8px 0;padding: 10px;position: relative\">\n\n\t<div class=\"cn-left\" style=\"width:49%; float:left\">\n\t\t\n\t\t<div style=\"clear:both;\"><\/div>\n\t\t<div style=\"margin-bottom: 10px;\">\n\t\t\t<div style=\"font-size:larger;font-variant: small-caps\"><strong><a title=\"Mj\u00f6lby Hemk\u00f6p\" href=\"https:\/\/paket.se\/instabox\/paketskap\/mjolby\/name\/mjolby-hemkop\/\"><span class=\"org fn notranslate\">Mj\u00f6lby Hemk\u00f6p<\/span><\/a>\n<\/strong><\/div>\n\t\t\t<span class=\"org\"><span class=\"organization-name notranslate\" style=\"display: none;\">Mj\u00f6lby Hemk\u00f6p<\/span><span class=\"organization-unit notranslate\">Instabox<\/span><\/span>\n\t\t<\/div>\n\n\t<\/div>\n\n\t<div class=\"cn-right\" style=\"text-align: right;\">\n\n\t\t<span class=\"address-block\"><span class=\"adr cn-address\"> <span class=\"street-address notranslate\">Sm\u00e5landsv\u00e4gen 44<\/span> <span class=\"street-address notranslate\">M\u00e5ndag-Fredag: 06:00-22:00\n L\u00f6rdag-S\u00f6ndag: 08:00-22:00<\/span> <span class=\"locality\">Mj\u00f6lby<\/span> <span class=\"postal-code\">59531<\/span> <span class=\"type\" style=\"display: none;\">home<\/span><\/span><\/span>\n\n\t<\/div>\n\n\t<div style=\"clear:both\"><\/div>\n\n\t\n\t<div class=\"cn-meta\" style=\"margin-top: 6px\">\n\t\t\t<\/div>\n\n\t<div class=\"cn-clear\" style=\"display:table;width:100%;\">\n\t\t<div style=\"display:table-cell;vertical-align:middle;\">\n\t\t\t<div class=\"cn-categories\"><span class=\"cn_category_label\">Kategorier: <\/span> <span class=\"cn-category-name cn_category cn-category-2 cn-category-instabox\">Instabox<\/span><\/div>\n\t\t<\/div>\n\t\t<div style=\"display:table-cell;text-align:right;vertical-align:middle;\">\n\t\t\t<span class=\"cn-last-updated\" style=\"display: none;font-size: 10px;font-variant: small-caps;margin-right: 10px\">Uppdaterad 2 \u00e5r sedan<\/span>\n<span class=\"cn-return-to-top\"><a href=\"#cn-top\" title=\"Tillbaka till toppen.\"><img decoding=\"async\" src=\"https:\/\/paket.se\/instabox\/paketskap\/wp-content\/plugins\/connections\/assets\/images\/uparrow.gif\" alt=\"Tillbaka till toppen.\"\/><\/a><\/span>\n\t\t<\/div>\n\t<\/div>\n\n<\/div>\n\n<\/div>\n<div class=\"cn-list-row-alternate cn-list-item vcard organization instabox\" id=\"mjolby-kandyz\" data-entry-type=\"organization\" data-entry-id=\"1704\" data-entry-slug=\"mjolby-kandyz\"><div class=\"cn-entry\" style=\"background-color: #FFF;border: 1px solid #E3E3E3;border-radius: 4px;color: #000;margin: 8px 0;padding: 10px;position: relative\">\n\n\t<div class=\"cn-left\" style=\"width:49%; float:left\">\n\t\t\n\t\t<div style=\"clear:both;\"><\/div>\n\t\t<div style=\"margin-bottom: 10px;\">\n\t\t\t<div style=\"font-size:larger;font-variant: small-caps\"><strong><a title=\"Mj\u00f6lby Kandy&#8217;z\" href=\"https:\/\/paket.se\/instabox\/paketskap\/mjolby\/name\/mjolby-kandyz\/\"><span class=\"org fn notranslate\">Mj\u00f6lby Kandy&#8217;z<\/span><\/a>\n<\/strong><\/div>\n\t\t\t<span class=\"org\"><span class=\"organization-name notranslate\" style=\"display: none;\">Mj\u00f6lby Kandy&#8217;z<\/span><span class=\"organization-unit notranslate\">Instabox<\/span><\/span>\n\t\t<\/div>\n\n\t<\/div>\n\n\t<div class=\"cn-right\" style=\"text-align: right;\">\n\n\t\t<span class=\"address-block\"><span class=\"adr cn-address\"> <span class=\"street-address notranslate\">Sparregatan 5<\/span> <span class=\"street-address notranslate\">Alla dagar: 10:00-20:00<\/span> <span class=\"locality\">Mj\u00f6lby<\/span> <span class=\"postal-code\">59535<\/span> <span class=\"type\" style=\"display: none;\">home<\/span><\/span><\/span>\n\n\t<\/div>\n\n\t<div style=\"clear:both\"><\/div>\n\n\t\n\t<div class=\"cn-meta\" style=\"margin-top: 6px\">\n\t\t\t<\/div>\n\n\t<div class=\"cn-clear\" style=\"display:table;width:100%;\">\n\t\t<div style=\"display:table-cell;vertical-align:middle;\">\n\t\t\t<div class=\"cn-categories\"><span class=\"cn_category_label\">Kategorier: <\/span> <span class=\"cn-category-name cn_category cn-category-2 cn-category-instabox\">Instabox<\/span><\/div>\n\t\t<\/div>\n\t\t<div style=\"display:table-cell;text-align:right;vertical-align:middle;\">\n\t\t\t<span class=\"cn-last-updated\" style=\"display: none;font-size: 10px;font-variant: small-caps;margin-right: 10px\">Uppdaterad 2 \u00e5r sedan<\/span>\n<span class=\"cn-return-to-top\"><a href=\"#cn-top\" title=\"Tillbaka till toppen.\"><img decoding=\"async\" src=\"https:\/\/paket.se\/instabox\/paketskap\/wp-content\/plugins\/connections\/assets\/images\/uparrow.gif\" alt=\"Tillbaka till toppen.\"\/><\/a><\/span>\n\t\t<\/div>\n\t<\/div>\n\n<\/div>\n\n<\/div>\n<\/div>\n<div class=\"cn-list-foot\">\n\n<\/div>\n\n<\/div>\n\n<\/div>\n\n\n\n<div class=\"wp-block-buttons is-content-justification-center is-layout-flex wp-container-core-buttons-is-layout-16018d1d wp-block-buttons-is-layout-flex\">\n<div class=\"wp-block-button\"><a class=\"wp-block-button__link has-black-color has-text-color has-background has-link-color wp-element-button\" href=\"https:\/\/paket.se\/instabox\" style=\"background-color:#e7d65c\">Skicka med Instabox h\u00e4r<\/a><\/div>\n<\/div>\n\n\n<div class=\"wp-block-image\">\n<figure class=\"aligncenter size-large\"><a href=\"https:\/\/paket.se\/instabox\/\"><img loading=\"lazy\" decoding=\"async\" width=\"1024\" height=\"401\" src=\"https:\/\/paket.se\/instabox\/paketskap\/wp-content\/uploads\/2024\/02\/instabox-1024x401.png\" alt=\"instabox Mj\u00f6lby\" class=\"wp-image-46\" srcset=\"https:\/\/paket.se\/instabox\/paketskap\/wp-content\/uploads\/2024\/02\/instabox-1024x401.png 1024w, https:\/\/paket.se\/instabox\/paketskap\/wp-content\/uploads\/2024\/02\/instabox-300x118.png 300w, https:\/\/paket.se\/instabox\/paketskap\/wp-content\/uploads\/2024\/02\/instabox-768x301.png 768w, https:\/\/paket.se\/instabox\/paketskap\/wp-content\/uploads\/2024\/02\/instabox-1536x602.png 1536w, https:\/\/paket.se\/instabox\/paketskap\/wp-content\/uploads\/2024\/02\/instabox-2048x802.png 2048w, https:\/\/paket.se\/instabox\/paketskap\/wp-content\/uploads\/2024\/02\/instabox-1568x614.png 1568w\" sizes=\"auto, (max-width: 1024px) 100vw, 1024px\" \/><\/a><\/figure>\n<\/div>","protected":false},"excerpt":{"rendered":"<p>S\u00f6k och hitta alla Instabox Paketsk\u00e5p i Mj\u00f6lby<\/p>\n","protected":false},"author":3,"featured_media":0,"parent":0,"menu_order":0,"comment_status":"closed","ping_status":"closed","template":"","meta":{"_cbd_carousel_blocks":"[]","footnotes":""},"class_list":["post-477","page","type-page","status-publish","hentry","entry"],"yoast_head":"<!-- This site is optimized with the Yoast SEO plugin v22.6 - https:\/\/yoast.com\/wordpress\/plugins\/seo\/ -->\n<title>Hitta Instabox i Mj\u00f6lby - Hitta Instabox Paketskap<\/title>\n<meta name=\"description\" content=\"S\u00f6k och hitta alla Instabox Paketsk\u00e5p i Mj\u00f6lby\" \/>\n<meta name=\"robots\" content=\"index, follow, max-snippet:-1, max-image-preview:large, max-video-preview:-1\" \/>\n<link rel=\"canonical\" href=\"https:\/\/paket.se\/instabox\/paketskap\/mjolby\/\" \/>\n<meta property=\"og:locale\" content=\"sv_SE\" \/>\n<meta property=\"og:type\" content=\"article\" \/>\n<meta property=\"og:title\" content=\"Hitta Instabox i Mj\u00f6lby - Hitta Instabox Paketskap\" \/>\n<meta property=\"og:description\" content=\"S\u00f6k och hitta alla Instabox Paketsk\u00e5p i Mj\u00f6lby\" \/>\n<meta property=\"og:url\" content=\"https:\/\/paket.se\/instabox\/paketskap\/mjolby\/\" \/>\n<meta property=\"og:site_name\" content=\"Hitta Instabox Paketskap\" \/>\n<meta property=\"article:modified_time\" content=\"2024-02-11T08:57:14+00:00\" \/>\n<meta property=\"og:image\" content=\"https:\/\/paket.se\/instabox\/paketskap\/wp-content\/uploads\/2024\/02\/instabox-1024x401.png\" \/>\n<meta name=\"twitter:card\" content=\"summary_large_image\" \/>\n<meta name=\"twitter:label1\" content=\"Est. reading time\" \/>\n\t<meta name=\"twitter:data1\" content=\"1 minut\" \/>\n<script type=\"application\/ld+json\" class=\"yoast-schema-graph\">{\"@context\":\"https:\/\/schema.org\",\"@graph\":[{\"@type\":\"WebPage\",\"@id\":\"https:\/\/paket.se\/instabox\/paketskap\/mjolby\/\",\"url\":\"https:\/\/paket.se\/instabox\/paketskap\/mjolby\/\",\"name\":\"Hitta Instabox i Mj\u00f6lby - Hitta Instabox Paketskap\",\"isPartOf\":{\"@id\":\"https:\/\/paket.se\/instabox\/paketskap\/#website\"},\"primaryImageOfPage\":{\"@id\":\"https:\/\/paket.se\/instabox\/paketskap\/mjolby\/#primaryimage\"},\"image\":{\"@id\":\"https:\/\/paket.se\/instabox\/paketskap\/mjolby\/#primaryimage\"},\"thumbnailUrl\":\"https:\/\/paket.se\/instabox\/paketskap\/wp-content\/uploads\/2024\/02\/instabox-1024x401.png\",\"datePublished\":\"2024-02-11T07:30:32+00:00\",\"dateModified\":\"2024-02-11T08:57:14+00:00\",\"description\":\"S\u00f6k och hitta alla Instabox Paketsk\u00e5p i Mj\u00f6lby\",\"breadcrumb\":{\"@id\":\"https:\/\/paket.se\/instabox\/paketskap\/mjolby\/#breadcrumb\"},\"inLanguage\":\"sv-SE\",\"potentialAction\":[{\"@type\":\"ReadAction\",\"target\":[\"https:\/\/paket.se\/instabox\/paketskap\/mjolby\/\"]}]},{\"@type\":\"ImageObject\",\"inLanguage\":\"sv-SE\",\"@id\":\"https:\/\/paket.se\/instabox\/paketskap\/mjolby\/#primaryimage\",\"url\":\"https:\/\/paket.se\/instabox\/paketskap\/wp-content\/uploads\/2024\/02\/instabox.png\",\"contentUrl\":\"https:\/\/paket.se\/instabox\/paketskap\/wp-content\/uploads\/2024\/02\/instabox.png\",\"width\":2440,\"height\":956},{\"@type\":\"BreadcrumbList\",\"@id\":\"https:\/\/paket.se\/instabox\/paketskap\/mjolby\/#breadcrumb\",\"itemListElement\":[{\"@type\":\"ListItem\",\"position\":1,\"name\":\"Home\",\"item\":\"https:\/\/paket.se\/instabox\/paketskap\/\"},{\"@type\":\"ListItem\",\"position\":2,\"name\":\"Hitta Instabox i Mj\u00f6lby\"}]},{\"@type\":\"WebSite\",\"@id\":\"https:\/\/paket.se\/instabox\/paketskap\/#website\",\"url\":\"https:\/\/paket.se\/instabox\/paketskap\/\",\"name\":\"Hitta Instabox Paketskap\",\"description\":\"Hitta\",\"potentialAction\":[{\"@type\":\"SearchAction\",\"target\":{\"@type\":\"EntryPoint\",\"urlTemplate\":\"https:\/\/paket.se\/instabox\/paketskap\/?s={search_term_string}\"},\"query-input\":\"required name=search_term_string\"}],\"inLanguage\":\"sv-SE\"}]}<\/script>\n<!-- \/ Yoast SEO plugin. -->","yoast_head_json":{"title":"Hitta Instabox i Mj\u00f6lby - Hitta Instabox Paketskap","description":"S\u00f6k och hitta alla Instabox Paketsk\u00e5p i Mj\u00f6lby","robots":{"index":"index","follow":"follow","max-snippet":"max-snippet:-1","max-image-preview":"max-image-preview:large","max-video-preview":"max-video-preview:-1"},"canonical":"https:\/\/paket.se\/instabox\/paketskap\/mjolby\/","og_locale":"sv_SE","og_type":"article","og_title":"Hitta Instabox i Mj\u00f6lby - Hitta Instabox Paketskap","og_description":"S\u00f6k och hitta alla Instabox Paketsk\u00e5p i Mj\u00f6lby","og_url":"https:\/\/paket.se\/instabox\/paketskap\/mjolby\/","og_site_name":"Hitta Instabox Paketskap","article_modified_time":"2024-02-11T08:57:14+00:00","og_image":[{"url":"https:\/\/paket.se\/instabox\/paketskap\/wp-content\/uploads\/2024\/02\/instabox-1024x401.png"}],"twitter_card":"summary_large_image","twitter_misc":{"Est. reading time":"1 minut"},"schema":{"@context":"https:\/\/schema.org","@graph":[{"@type":"WebPage","@id":"https:\/\/paket.se\/instabox\/paketskap\/mjolby\/","url":"https:\/\/paket.se\/instabox\/paketskap\/mjolby\/","name":"Hitta Instabox i Mj\u00f6lby - Hitta Instabox Paketskap","isPartOf":{"@id":"https:\/\/paket.se\/instabox\/paketskap\/#website"},"primaryImageOfPage":{"@id":"https:\/\/paket.se\/instabox\/paketskap\/mjolby\/#primaryimage"},"image":{"@id":"https:\/\/paket.se\/instabox\/paketskap\/mjolby\/#primaryimage"},"thumbnailUrl":"https:\/\/paket.se\/instabox\/paketskap\/wp-content\/uploads\/2024\/02\/instabox-1024x401.png","datePublished":"2024-02-11T07:30:32+00:00","dateModified":"2024-02-11T08:57:14+00:00","description":"S\u00f6k och hitta alla Instabox Paketsk\u00e5p i Mj\u00f6lby","breadcrumb":{"@id":"https:\/\/paket.se\/instabox\/paketskap\/mjolby\/#breadcrumb"},"inLanguage":"sv-SE","potentialAction":[{"@type":"ReadAction","target":["https:\/\/paket.se\/instabox\/paketskap\/mjolby\/"]}]},{"@type":"ImageObject","inLanguage":"sv-SE","@id":"https:\/\/paket.se\/instabox\/paketskap\/mjolby\/#primaryimage","url":"https:\/\/paket.se\/instabox\/paketskap\/wp-content\/uploads\/2024\/02\/instabox.png","contentUrl":"https:\/\/paket.se\/instabox\/paketskap\/wp-content\/uploads\/2024\/02\/instabox.png","width":2440,"height":956},{"@type":"BreadcrumbList","@id":"https:\/\/paket.se\/instabox\/paketskap\/mjolby\/#breadcrumb","itemListElement":[{"@type":"ListItem","position":1,"name":"Home","item":"https:\/\/paket.se\/instabox\/paketskap\/"},{"@type":"ListItem","position":2,"name":"Hitta Instabox i Mj\u00f6lby"}]},{"@type":"WebSite","@id":"https:\/\/paket.se\/instabox\/paketskap\/#website","url":"https:\/\/paket.se\/instabox\/paketskap\/","name":"Hitta Instabox Paketskap","description":"Hitta","potentialAction":[{"@type":"SearchAction","target":{"@type":"EntryPoint","urlTemplate":"https:\/\/paket.se\/instabox\/paketskap\/?s={search_term_string}"},"query-input":"required name=search_term_string"}],"inLanguage":"sv-SE"}]}},"_links":{"self":[{"href":"https:\/\/paket.se\/instabox\/paketskap\/wp-json\/wp\/v2\/pages\/477","targetHints":{"allow":["GET"]}}],"collection":[{"href":"https:\/\/paket.se\/instabox\/paketskap\/wp-json\/wp\/v2\/pages"}],"about":[{"href":"https:\/\/paket.se\/instabox\/paketskap\/wp-json\/wp\/v2\/types\/page"}],"author":[{"embeddable":true,"href":"https:\/\/paket.se\/instabox\/paketskap\/wp-json\/wp\/v2\/users\/3"}],"replies":[{"embeddable":true,"href":"https:\/\/paket.se\/instabox\/paketskap\/wp-json\/wp\/v2\/comments?post=477"}],"version-history":[{"count":1,"href":"https:\/\/paket.se\/instabox\/paketskap\/wp-json\/wp\/v2\/pages\/477\/revisions"}],"predecessor-version":[{"id":1224,"href":"https:\/\/paket.se\/instabox\/paketskap\/wp-json\/wp\/v2\/pages\/477\/revisions\/1224"}],"wp:attachment":[{"href":"https:\/\/paket.se\/instabox\/paketskap\/wp-json\/wp\/v2\/media?parent=477"}],"curies":[{"name":"wp","href":"https:\/\/api.w.org\/{rel}","templated":true}]}}