{"id":50,"date":"2024-02-11T08:53:15","date_gmt":"2024-02-11T07:19:17","guid":{"rendered":"https:\/\/paket.se\/instabox\/paketskap\/akersberga\/"},"modified":"2024-02-11T08:53:15","modified_gmt":"2024-02-11T08:53:15","slug":"akersberga","status":"publish","type":"page","link":"https:\/\/paket.se\/instabox\/paketskap\/akersberga\/","title":{"rendered":"Hitta Instabox i \u00c5kersberga"},"content":{"rendered":"\n<p>S\u00f6k och hitta alla Instabox Paketsk\u00e5p i \u00c5kersberga<\/p>\n\n\n<div id=\"cn-top\" style=\"position: absolute; top: 0; right: 0;\"><\/div><div class=\"cn-list\" id=\"cn-list\" data-connections-version=\"10.4.65-0.7\"><div class=\"cn-template cn-card\" id=\"cn-card\" data-template-version=\"3.0\"><div class=\"cn-list-head\">\n\n<\/div>\n<div class=\"cn-list-body\" id=\"cn-list-body\">\n<div class=\"cn-list-row cn-list-item vcard organization instabox\" id=\"akersberga-centrum\" data-entry-type=\"organization\" data-entry-id=\"837\" data-entry-slug=\"akersberga-centrum\"><div class=\"cn-entry\" style=\"background-color: #FFF;border: 1px solid #E3E3E3;border-radius: 4px;color: #000;margin: 8px 0;padding: 10px;position: relative\">\n\n\t<div class=\"cn-left\" style=\"width:49%; float:left\">\n\t\t\n\t\t<div style=\"clear:both;\"><\/div>\n\t\t<div style=\"margin-bottom: 10px;\">\n\t\t\t<div style=\"font-size:larger;font-variant: small-caps\"><strong><a title=\"\u00c5kersberga Centrum\" href=\"https:\/\/paket.se\/instabox\/paketskap\/akersberga\/name\/akersberga-centrum\/\"><span class=\"org fn notranslate\">\u00c5kersberga Centrum<\/span><\/a>\n<\/strong><\/div>\n\t\t\t<span class=\"org\"><span class=\"organization-name notranslate\" style=\"display: none;\">\u00c5kersberga Centrum<\/span><span class=\"organization-unit notranslate\">Instabox<\/span><\/span>\n\t\t<\/div>\n\n\t<\/div>\n\n\t<div class=\"cn-right\" style=\"text-align: right;\">\n\n\t\t<span class=\"address-block\"><span class=\"adr cn-address\"> <span class=\"street-address notranslate\">Stationsv\u00e4gen 23<\/span> <span class=\"street-address notranslate\">Alla dagar: 07:00-22:00<\/span> <span class=\"locality\">\u00c5kersberga<\/span> <span class=\"postal-code\">18450<\/span> <span class=\"type\" style=\"display: none;\">home<\/span><\/span><\/span>\n\n\t<\/div>\n\n\t<div style=\"clear:both\"><\/div>\n\n\t\n\t<div class=\"cn-meta\" style=\"margin-top: 6px\">\n\t\t\t<\/div>\n\n\t<div class=\"cn-clear\" style=\"display:table;width:100%;\">\n\t\t<div style=\"display:table-cell;vertical-align:middle;\">\n\t\t\t<div class=\"cn-categories\"><span class=\"cn_category_label\">Kategorier: <\/span> <span class=\"cn-category-name cn_category cn-category-2 cn-category-instabox\">Instabox<\/span><\/div>\n\t\t<\/div>\n\t\t<div style=\"display:table-cell;text-align:right;vertical-align:middle;\">\n\t\t\t<span class=\"cn-last-updated\" style=\"display: none;font-size: 10px;font-variant: small-caps;margin-right: 10px\">Uppdaterad 2 \u00e5r sedan<\/span>\n<span class=\"cn-return-to-top\"><a href=\"#cn-top\" title=\"Tillbaka till toppen.\"><img decoding=\"async\" src=\"https:\/\/paket.se\/instabox\/paketskap\/wp-content\/plugins\/connections\/assets\/images\/uparrow.gif\" alt=\"Tillbaka till toppen.\"\/><\/a><\/span>\n\t\t<\/div>\n\t<\/div>\n\n<\/div>\n\n<\/div>\n<div class=\"cn-list-row-alternate cn-list-item vcard organization instabox\" id=\"akersberga-nya-pulsen\" data-entry-type=\"organization\" data-entry-id=\"838\" data-entry-slug=\"akersberga-nya-pulsen\"><div class=\"cn-entry\" style=\"background-color: #FFF;border: 1px solid #E3E3E3;border-radius: 4px;color: #000;margin: 8px 0;padding: 10px;position: relative\">\n\n\t<div class=\"cn-left\" style=\"width:49%; float:left\">\n\t\t\n\t\t<div style=\"clear:both;\"><\/div>\n\t\t<div style=\"margin-bottom: 10px;\">\n\t\t\t<div style=\"font-size:larger;font-variant: small-caps\"><strong><a title=\"\u00c5kersberga Nya Pulsen\" href=\"https:\/\/paket.se\/instabox\/paketskap\/akersberga\/name\/akersberga-nya-pulsen\/\"><span class=\"org fn notranslate\">\u00c5kersberga Nya Pulsen<\/span><\/a>\n<\/strong><\/div>\n\t\t\t<span class=\"org\"><span class=\"organization-name notranslate\" style=\"display: none;\">\u00c5kersberga Nya Pulsen<\/span><span class=\"organization-unit notranslate\">Instabox<\/span><\/span>\n\t\t<\/div>\n\n\t<\/div>\n\n\t<div class=\"cn-right\" style=\"text-align: right;\">\n\n\t\t<span class=\"address-block\"><span class=\"adr cn-address\"> <span class=\"street-address notranslate\">Rallarv\u00e4gen 8<\/span> <span class=\"street-address notranslate\">Alla dagar: 08:00-22:00<\/span> <span class=\"locality\">\u00c5kersberga<\/span> <span class=\"postal-code\">18440<\/span> <span class=\"type\" style=\"display: none;\">home<\/span><\/span><\/span>\n\n\t<\/div>\n\n\t<div style=\"clear:both\"><\/div>\n\n\t\n\t<div class=\"cn-meta\" style=\"margin-top: 6px\">\n\t\t\t<\/div>\n\n\t<div class=\"cn-clear\" style=\"display:table;width:100%;\">\n\t\t<div style=\"display:table-cell;vertical-align:middle;\">\n\t\t\t<div class=\"cn-categories\"><span class=\"cn_category_label\">Kategorier: <\/span> <span class=\"cn-category-name cn_category cn-category-2 cn-category-instabox\">Instabox<\/span><\/div>\n\t\t<\/div>\n\t\t<div style=\"display:table-cell;text-align:right;vertical-align:middle;\">\n\t\t\t<span class=\"cn-last-updated\" style=\"display: none;font-size: 10px;font-variant: small-caps;margin-right: 10px\">Uppdaterad 2 \u00e5r sedan<\/span>\n<span class=\"cn-return-to-top\"><a href=\"#cn-top\" title=\"Tillbaka till toppen.\"><img decoding=\"async\" src=\"https:\/\/paket.se\/instabox\/paketskap\/wp-content\/plugins\/connections\/assets\/images\/uparrow.gif\" alt=\"Tillbaka till toppen.\"\/><\/a><\/span>\n\t\t<\/div>\n\t<\/div>\n\n<\/div>\n\n<\/div>\n<div class=\"cn-list-row cn-list-item vcard organization instabox\" id=\"akersberga-stora-coop\" data-entry-type=\"organization\" data-entry-id=\"840\" data-entry-slug=\"akersberga-stora-coop\"><div class=\"cn-entry\" style=\"background-color: #FFF;border: 1px solid #E3E3E3;border-radius: 4px;color: #000;margin: 8px 0;padding: 10px;position: relative\">\n\n\t<div class=\"cn-left\" style=\"width:49%; float:left\">\n\t\t\n\t\t<div style=\"clear:both;\"><\/div>\n\t\t<div style=\"margin-bottom: 10px;\">\n\t\t\t<div style=\"font-size:larger;font-variant: small-caps\"><strong><a title=\"\u00c5kersberga Stora Coop\" href=\"https:\/\/paket.se\/instabox\/paketskap\/akersberga\/name\/akersberga-stora-coop\/\"><span class=\"org fn notranslate\">\u00c5kersberga Stora Coop<\/span><\/a>\n<\/strong><\/div>\n\t\t\t<span class=\"org\"><span class=\"organization-name notranslate\" style=\"display: none;\">\u00c5kersberga Stora Coop<\/span><span class=\"organization-unit notranslate\">Instabox<\/span><\/span>\n\t\t<\/div>\n\n\t<\/div>\n\n\t<div class=\"cn-right\" style=\"text-align: right;\">\n\n\t\t<span class=\"address-block\"><span class=\"adr cn-address\"> <span class=\"street-address notranslate\">Pilstugegr\u00e4nd 1-5<\/span> <span class=\"street-address notranslate\">Alla dagar: 07:00-22:00<\/span> <span class=\"locality\">\u00c5kersberga<\/span> <span class=\"postal-code\">18492<\/span> <span class=\"type\" style=\"display: none;\">home<\/span><\/span><\/span>\n\n\t<\/div>\n\n\t<div style=\"clear:both\"><\/div>\n\n\t\n\t<div class=\"cn-meta\" style=\"margin-top: 6px\">\n\t\t\t<\/div>\n\n\t<div class=\"cn-clear\" style=\"display:table;width:100%;\">\n\t\t<div style=\"display:table-cell;vertical-align:middle;\">\n\t\t\t<div class=\"cn-categories\"><span class=\"cn_category_label\">Kategorier: <\/span> <span class=\"cn-category-name cn_category cn-category-2 cn-category-instabox\">Instabox<\/span><\/div>\n\t\t<\/div>\n\t\t<div style=\"display:table-cell;text-align:right;vertical-align:middle;\">\n\t\t\t<span class=\"cn-last-updated\" style=\"display: none;font-size: 10px;font-variant: small-caps;margin-right: 10px\">Uppdaterad 2 \u00e5r sedan<\/span>\n<span class=\"cn-return-to-top\"><a href=\"#cn-top\" title=\"Tillbaka till toppen.\"><img decoding=\"async\" src=\"https:\/\/paket.se\/instabox\/paketskap\/wp-content\/plugins\/connections\/assets\/images\/uparrow.gif\" alt=\"Tillbaka till toppen.\"\/><\/a><\/span>\n\t\t<\/div>\n\t<\/div>\n\n<\/div>\n\n<\/div>\n<div class=\"cn-list-row-alternate cn-list-item vcard organization instabox\" id=\"akersberga-willys\" data-entry-type=\"organization\" data-entry-id=\"839\" data-entry-slug=\"akersberga-willys\"><div class=\"cn-entry\" style=\"background-color: #FFF;border: 1px solid #E3E3E3;border-radius: 4px;color: #000;margin: 8px 0;padding: 10px;position: relative\">\n\n\t<div class=\"cn-left\" style=\"width:49%; float:left\">\n\t\t\n\t\t<div style=\"clear:both;\"><\/div>\n\t\t<div style=\"margin-bottom: 10px;\">\n\t\t\t<div style=\"font-size:larger;font-variant: small-caps\"><strong><a title=\"\u00c5kersberga Willys\" href=\"https:\/\/paket.se\/instabox\/paketskap\/akersberga\/name\/akersberga-willys\/\"><span class=\"org fn notranslate\">\u00c5kersberga Willys<\/span><\/a>\n<\/strong><\/div>\n\t\t\t<span class=\"org\"><span class=\"organization-name notranslate\" style=\"display: none;\">\u00c5kersberga Willys<\/span><span class=\"organization-unit notranslate\">Instabox<\/span><\/span>\n\t\t<\/div>\n\n\t<\/div>\n\n\t<div class=\"cn-right\" style=\"text-align: right;\">\n\n\t\t<span class=\"address-block\"><span class=\"adr cn-address\"> <span class=\"street-address notranslate\">Korsg\u00e4rdesv\u00e4gen 3<\/span> <span class=\"street-address notranslate\">Alla dagar: 08:00-21:00<\/span> <span class=\"locality\">\u00c5kersberga<\/span> <span class=\"postal-code\">18441<\/span> <span class=\"type\" style=\"display: none;\">home<\/span><\/span><\/span>\n\n\t<\/div>\n\n\t<div style=\"clear:both\"><\/div>\n\n\t\n\t<div class=\"cn-meta\" style=\"margin-top: 6px\">\n\t\t\t<\/div>\n\n\t<div class=\"cn-clear\" style=\"display:table;width:100%;\">\n\t\t<div style=\"display:table-cell;vertical-align:middle;\">\n\t\t\t<div class=\"cn-categories\"><span class=\"cn_category_label\">Kategorier: <\/span> <span class=\"cn-category-name cn_category cn-category-2 cn-category-instabox\">Instabox<\/span><\/div>\n\t\t<\/div>\n\t\t<div style=\"display:table-cell;text-align:right;vertical-align:middle;\">\n\t\t\t<span class=\"cn-last-updated\" style=\"display: none;font-size: 10px;font-variant: small-caps;margin-right: 10px\">Uppdaterad 2 \u00e5r sedan<\/span>\n<span class=\"cn-return-to-top\"><a href=\"#cn-top\" title=\"Tillbaka till toppen.\"><img decoding=\"async\" src=\"https:\/\/paket.se\/instabox\/paketskap\/wp-content\/plugins\/connections\/assets\/images\/uparrow.gif\" alt=\"Tillbaka till toppen.\"\/><\/a><\/span>\n\t\t<\/div>\n\t<\/div>\n\n<\/div>\n\n<\/div>\n<\/div>\n<div class=\"cn-list-foot\">\n\n<\/div>\n\n<\/div>\n\n<\/div>\n\n\n\n<div class=\"wp-block-buttons is-content-justification-center is-layout-flex wp-container-core-buttons-is-layout-16018d1d wp-block-buttons-is-layout-flex\">\n<div class=\"wp-block-button\"><a class=\"wp-block-button__link has-black-color has-text-color has-background has-link-color wp-element-button\" href=\"https:\/\/paket.se\/instabox\" style=\"background-color:#e7d65c\">Skicka med Instabox h\u00e4r<\/a><\/div>\n<\/div>\n\n\n<div class=\"wp-block-image\">\n<figure class=\"aligncenter size-large\"><a href=\"https:\/\/paket.se\/instabox\/\"><img loading=\"lazy\" decoding=\"async\" width=\"1024\" height=\"401\" src=\"https:\/\/paket.se\/instabox\/paketskap\/wp-content\/uploads\/2024\/02\/instabox-1024x401.png\" alt=\"instabox \u00c5kersberga\" class=\"wp-image-46\" srcset=\"https:\/\/paket.se\/instabox\/paketskap\/wp-content\/uploads\/2024\/02\/instabox-1024x401.png 1024w, https:\/\/paket.se\/instabox\/paketskap\/wp-content\/uploads\/2024\/02\/instabox-300x118.png 300w, https:\/\/paket.se\/instabox\/paketskap\/wp-content\/uploads\/2024\/02\/instabox-768x301.png 768w, https:\/\/paket.se\/instabox\/paketskap\/wp-content\/uploads\/2024\/02\/instabox-1536x602.png 1536w, https:\/\/paket.se\/instabox\/paketskap\/wp-content\/uploads\/2024\/02\/instabox-2048x802.png 2048w, https:\/\/paket.se\/instabox\/paketskap\/wp-content\/uploads\/2024\/02\/instabox-1568x614.png 1568w\" sizes=\"auto, (max-width: 1024px) 100vw, 1024px\" \/><\/a><\/figure>\n<\/div>","protected":false},"excerpt":{"rendered":"<p>S\u00f6k och hitta alla Instabox Paketsk\u00e5p i \u00c5kersberga<\/p>\n","protected":false},"author":3,"featured_media":0,"parent":0,"menu_order":0,"comment_status":"closed","ping_status":"closed","template":"","meta":{"_cbd_carousel_blocks":"[]","footnotes":""},"class_list":["post-50","page","type-page","status-publish","hentry","entry"],"yoast_head":"<!-- This site is optimized with the Yoast SEO plugin v22.6 - https:\/\/yoast.com\/wordpress\/plugins\/seo\/ -->\n<title>Hitta Instabox i \u00c5kersberga - Hitta Instabox Paketskap<\/title>\n<meta name=\"description\" content=\"S\u00f6k och hitta alla Instabox Paketsk\u00e5p i \u00c5kersberga\" \/>\n<meta name=\"robots\" content=\"index, follow, max-snippet:-1, max-image-preview:large, max-video-preview:-1\" \/>\n<link rel=\"canonical\" href=\"https:\/\/paket.se\/instabox\/paketskap\/akersberga\/\" \/>\n<meta property=\"og:locale\" content=\"sv_SE\" \/>\n<meta property=\"og:type\" content=\"article\" \/>\n<meta property=\"og:title\" content=\"Hitta Instabox i \u00c5kersberga - Hitta Instabox Paketskap\" \/>\n<meta property=\"og:description\" content=\"S\u00f6k och hitta alla Instabox Paketsk\u00e5p i \u00c5kersberga\" \/>\n<meta property=\"og:url\" content=\"https:\/\/paket.se\/instabox\/paketskap\/akersberga\/\" \/>\n<meta property=\"og:site_name\" content=\"Hitta Instabox Paketskap\" \/>\n<meta property=\"article:modified_time\" content=\"2024-02-11T08:53:15+00:00\" \/>\n<meta property=\"og:image\" content=\"https:\/\/paket.se\/instabox\/paketskap\/wp-content\/uploads\/2024\/02\/instabox-1024x401.png\" \/>\n<meta name=\"twitter:card\" content=\"summary_large_image\" \/>\n<meta name=\"twitter:label1\" content=\"Est. reading time\" \/>\n\t<meta name=\"twitter:data1\" content=\"1 minut\" \/>\n<script type=\"application\/ld+json\" class=\"yoast-schema-graph\">{\"@context\":\"https:\/\/schema.org\",\"@graph\":[{\"@type\":\"WebPage\",\"@id\":\"https:\/\/paket.se\/instabox\/paketskap\/akersberga\/\",\"url\":\"https:\/\/paket.se\/instabox\/paketskap\/akersberga\/\",\"name\":\"Hitta Instabox i \u00c5kersberga - Hitta Instabox Paketskap\",\"isPartOf\":{\"@id\":\"https:\/\/paket.se\/instabox\/paketskap\/#website\"},\"primaryImageOfPage\":{\"@id\":\"https:\/\/paket.se\/instabox\/paketskap\/akersberga\/#primaryimage\"},\"image\":{\"@id\":\"https:\/\/paket.se\/instabox\/paketskap\/akersberga\/#primaryimage\"},\"thumbnailUrl\":\"https:\/\/paket.se\/instabox\/paketskap\/wp-content\/uploads\/2024\/02\/instabox-1024x401.png\",\"datePublished\":\"2024-02-11T07:19:17+00:00\",\"dateModified\":\"2024-02-11T08:53:15+00:00\",\"description\":\"S\u00f6k och hitta alla Instabox Paketsk\u00e5p i \u00c5kersberga\",\"breadcrumb\":{\"@id\":\"https:\/\/paket.se\/instabox\/paketskap\/akersberga\/#breadcrumb\"},\"inLanguage\":\"sv-SE\",\"potentialAction\":[{\"@type\":\"ReadAction\",\"target\":[\"https:\/\/paket.se\/instabox\/paketskap\/akersberga\/\"]}]},{\"@type\":\"ImageObject\",\"inLanguage\":\"sv-SE\",\"@id\":\"https:\/\/paket.se\/instabox\/paketskap\/akersberga\/#primaryimage\",\"url\":\"https:\/\/paket.se\/instabox\/paketskap\/wp-content\/uploads\/2024\/02\/instabox.png\",\"contentUrl\":\"https:\/\/paket.se\/instabox\/paketskap\/wp-content\/uploads\/2024\/02\/instabox.png\",\"width\":2440,\"height\":956},{\"@type\":\"BreadcrumbList\",\"@id\":\"https:\/\/paket.se\/instabox\/paketskap\/akersberga\/#breadcrumb\",\"itemListElement\":[{\"@type\":\"ListItem\",\"position\":1,\"name\":\"Home\",\"item\":\"https:\/\/paket.se\/instabox\/paketskap\/\"},{\"@type\":\"ListItem\",\"position\":2,\"name\":\"\u00c5kersberga Stora Coop - Hitta Instabox i \u00c5kersberga\"}]},{\"@type\":\"WebSite\",\"@id\":\"https:\/\/paket.se\/instabox\/paketskap\/#website\",\"url\":\"https:\/\/paket.se\/instabox\/paketskap\/\",\"name\":\"Hitta Instabox Paketskap\",\"description\":\"Hitta\",\"potentialAction\":[{\"@type\":\"SearchAction\",\"target\":{\"@type\":\"EntryPoint\",\"urlTemplate\":\"https:\/\/paket.se\/instabox\/paketskap\/?s={search_term_string}\"},\"query-input\":\"required name=search_term_string\"}],\"inLanguage\":\"sv-SE\"}]}<\/script>\n<!-- \/ Yoast SEO plugin. -->","yoast_head_json":{"title":"Hitta Instabox i \u00c5kersberga - Hitta Instabox Paketskap","description":"S\u00f6k och hitta alla Instabox Paketsk\u00e5p i \u00c5kersberga","robots":{"index":"index","follow":"follow","max-snippet":"max-snippet:-1","max-image-preview":"max-image-preview:large","max-video-preview":"max-video-preview:-1"},"canonical":"https:\/\/paket.se\/instabox\/paketskap\/akersberga\/","og_locale":"sv_SE","og_type":"article","og_title":"Hitta Instabox i \u00c5kersberga - Hitta Instabox Paketskap","og_description":"S\u00f6k och hitta alla Instabox Paketsk\u00e5p i \u00c5kersberga","og_url":"https:\/\/paket.se\/instabox\/paketskap\/akersberga\/","og_site_name":"Hitta Instabox Paketskap","article_modified_time":"2024-02-11T08:53:15+00:00","og_image":[{"url":"https:\/\/paket.se\/instabox\/paketskap\/wp-content\/uploads\/2024\/02\/instabox-1024x401.png"}],"twitter_card":"summary_large_image","twitter_misc":{"Est. reading time":"1 minut"},"schema":{"@context":"https:\/\/schema.org","@graph":[{"@type":"WebPage","@id":"https:\/\/paket.se\/instabox\/paketskap\/akersberga\/","url":"https:\/\/paket.se\/instabox\/paketskap\/akersberga\/","name":"Hitta Instabox i \u00c5kersberga - Hitta Instabox Paketskap","isPartOf":{"@id":"https:\/\/paket.se\/instabox\/paketskap\/#website"},"primaryImageOfPage":{"@id":"https:\/\/paket.se\/instabox\/paketskap\/akersberga\/#primaryimage"},"image":{"@id":"https:\/\/paket.se\/instabox\/paketskap\/akersberga\/#primaryimage"},"thumbnailUrl":"https:\/\/paket.se\/instabox\/paketskap\/wp-content\/uploads\/2024\/02\/instabox-1024x401.png","datePublished":"2024-02-11T07:19:17+00:00","dateModified":"2024-02-11T08:53:15+00:00","description":"S\u00f6k och hitta alla Instabox Paketsk\u00e5p i \u00c5kersberga","breadcrumb":{"@id":"https:\/\/paket.se\/instabox\/paketskap\/akersberga\/#breadcrumb"},"inLanguage":"sv-SE","potentialAction":[{"@type":"ReadAction","target":["https:\/\/paket.se\/instabox\/paketskap\/akersberga\/"]}]},{"@type":"ImageObject","inLanguage":"sv-SE","@id":"https:\/\/paket.se\/instabox\/paketskap\/akersberga\/#primaryimage","url":"https:\/\/paket.se\/instabox\/paketskap\/wp-content\/uploads\/2024\/02\/instabox.png","contentUrl":"https:\/\/paket.se\/instabox\/paketskap\/wp-content\/uploads\/2024\/02\/instabox.png","width":2440,"height":956},{"@type":"BreadcrumbList","@id":"https:\/\/paket.se\/instabox\/paketskap\/akersberga\/#breadcrumb","itemListElement":[{"@type":"ListItem","position":1,"name":"Home","item":"https:\/\/paket.se\/instabox\/paketskap\/"},{"@type":"ListItem","position":2,"name":"\u00c5kersberga Stora Coop - Hitta Instabox i \u00c5kersberga"}]},{"@type":"WebSite","@id":"https:\/\/paket.se\/instabox\/paketskap\/#website","url":"https:\/\/paket.se\/instabox\/paketskap\/","name":"Hitta Instabox Paketskap","description":"Hitta","potentialAction":[{"@type":"SearchAction","target":{"@type":"EntryPoint","urlTemplate":"https:\/\/paket.se\/instabox\/paketskap\/?s={search_term_string}"},"query-input":"required name=search_term_string"}],"inLanguage":"sv-SE"}]}},"_links":{"self":[{"href":"https:\/\/paket.se\/instabox\/paketskap\/wp-json\/wp\/v2\/pages\/50","targetHints":{"allow":["GET"]}}],"collection":[{"href":"https:\/\/paket.se\/instabox\/paketskap\/wp-json\/wp\/v2\/pages"}],"about":[{"href":"https:\/\/paket.se\/instabox\/paketskap\/wp-json\/wp\/v2\/types\/page"}],"author":[{"embeddable":true,"href":"https:\/\/paket.se\/instabox\/paketskap\/wp-json\/wp\/v2\/users\/3"}],"replies":[{"embeddable":true,"href":"https:\/\/paket.se\/instabox\/paketskap\/wp-json\/wp\/v2\/comments?post=50"}],"version-history":[{"count":2,"href":"https:\/\/paket.se\/instabox\/paketskap\/wp-json\/wp\/v2\/pages\/50\/revisions"}],"predecessor-version":[{"id":805,"href":"https:\/\/paket.se\/instabox\/paketskap\/wp-json\/wp\/v2\/pages\/50\/revisions\/805"}],"wp:attachment":[{"href":"https:\/\/paket.se\/instabox\/paketskap\/wp-json\/wp\/v2\/media?parent=50"}],"curies":[{"name":"wp","href":"https:\/\/api.w.org\/{rel}","templated":true}]}}