{"id":300,"date":"2024-01-09T07:15:51","date_gmt":"2024-01-09T05:51:30","guid":{"rendered":"https:\/\/paket.se\/ups\/access-point\/koping\/"},"modified":"2024-01-09T07:15:51","modified_gmt":"2024-01-09T07:15:51","slug":"koping","status":"publish","type":"page","link":"https:\/\/paket.se\/ups\/access-point\/koping\/","title":{"rendered":"Hitta UPS Access Point i KOPING \ud83c\udfaf"},"content":{"rendered":"\n<figure class=\"wp-block-image aligncenter size-large\"><a href=\"https:\/\/paket.se\/ups\/\" rel=\"nofollow\"><img decoding=\"async\" src=\"https:\/\/accesspoint.se\/wp-content\/uploads\/2021\/02\/accesspoint-min-1024x426.png\" alt=\"UPS priser\" class=\"wp-image-17\"\/><\/a><\/figure>\n\n\n\n<p>M\u00e5sta du inl\u00e4mna et paket til eller fr\u00e5n KOPING s\u00e5 hittar du h\u00e4r n\u00e4rmeste UPS Access Point i KOPING<\/p>\n\n\n\n<p><\/p>\n\n\n<div id=\"cn-top\" style=\"position: absolute; top: 0; right: 0;\"><\/div><div class=\"cn-list\" id=\"cn-list\" data-connections-version=\"10.4.65-0.7\"><div class=\"cn-template cn-card\" id=\"cn-card\" data-template-version=\"3.0\"><div class=\"cn-list-head\">\n<\/div>\n<div class=\"cn-list-body\" id=\"cn-list-body\">\n<div class=\"cn-list-row cn-list-item vcard organization ups-access-point\" id=\"nyckelbergskiosk\" data-entry-type=\"organization\" data-entry-id=\"1046\" data-entry-slug=\"nyckelbergskiosk\"><div class=\"cn-entry\" style=\"background-color: #FFF;border: 1px solid #E3E3E3;border-radius: 4px;color: #000;margin: 8px 0;padding: 10px;position: relative\">\n\n\t<div class=\"cn-left\" style=\"width:49%; float:left\">\n\t\t\n\t\t<div style=\"clear:both;\"><\/div>\n\t\t<div style=\"margin-bottom: 10px;\">\n\t\t\t<div style=\"font-size:larger;font-variant: small-caps\"><strong><a title=\"NYCKELBERGSKIOSK\" href=\"https:\/\/paket.se\/ups\/access-point\/koping\/name\/nyckelbergskiosk\/\"><span class=\"org fn notranslate\">NYCKELBERGSKIOSK<\/span><\/a>\n<\/strong><\/div>\n\t\t\t<span class=\"org\"><span class=\"organization-name notranslate\" style=\"display: none;\">NYCKELBERGSKIOSK<\/span><\/span>\n\t\t<\/div>\n\n\t<\/div>\n\n\t<div class=\"cn-right\" style=\"text-align: right;\">\n\n\t\t<span class=\"address-block\"><span class=\"adr cn-address\"> <span class=\"street-address notranslate\">KVARNGATAN 13<\/span> <span class=\"street-address notranslate\">Mon.-Son: 9:00am-9:00pm<\/span> <span class=\"locality\">KOPING<\/span> <span class=\"postal-code\">73134<\/span> <span class=\"type\" style=\"display: none;\">home<\/span><\/span><span class=\"adr cn-address\"> <span class=\"type\" style=\"display: none;\">work<\/span><\/span><\/span>\n\n\t<\/div>\n\n\t<div style=\"clear:both\"><\/div>\n\n\t\n\t<div class=\"cn-meta\" style=\"margin-top: 6px\">\n\t\t\t<\/div>\n\n\t<div class=\"cn-clear\" style=\"display:table;width:100%;\">\n\t\t<div style=\"display:table-cell;vertical-align:middle;\">\n\t\t\t<div class=\"cn-categories\"><span class=\"cn_category_label\">Categories: <\/span> <span class=\"cn-category-name cn_category cn-category-2 cn-category-ups-access-point\">UPS Access Point<\/span><\/div>\n\t\t<\/div>\n\t\t<div style=\"display:table-cell;text-align:right;vertical-align:middle;\">\n\t\t\t<span class=\"cn-last-updated\" style=\"display: none;font-size: 10px;font-variant: small-caps;margin-right: 10px\">Updated 2 years ago.<\/span>\n<span class=\"cn-return-to-top\"><a href=\"#cn-top\" title=\"Return to top.\"><img decoding=\"async\" src=\"https:\/\/paket.se\/ups\/access-point\/wp-content\/plugins\/connections\/assets\/images\/uparrow.gif\" alt=\"Return to top.\"\/><\/a><\/span>\n\t\t<\/div>\n\t<\/div>\n\n<\/div>\n\n<\/div>\n<div class=\"cn-list-row-alternate cn-list-item vcard organization ups-access-point\" id=\"nyckelbergskiosk-1\" data-entry-type=\"organization\" data-entry-id=\"1303\" data-entry-slug=\"nyckelbergskiosk-1\"><div class=\"cn-entry\" style=\"background-color: #FFF;border: 1px solid #E3E3E3;border-radius: 4px;color: #000;margin: 8px 0;padding: 10px;position: relative\">\n\n\t<div class=\"cn-left\" style=\"width:49%; float:left\">\n\t\t\n\t\t<div style=\"clear:both;\"><\/div>\n\t\t<div style=\"margin-bottom: 10px;\">\n\t\t\t<div style=\"font-size:larger;font-variant: small-caps\"><strong><a title=\"NYCKELBERGSKIOSK\" href=\"https:\/\/paket.se\/ups\/access-point\/koping\/name\/nyckelbergskiosk-1\/\"><span class=\"org fn notranslate\">NYCKELBERGSKIOSK<\/span><\/a>\n<\/strong><\/div>\n\t\t\t<span class=\"org\"><span class=\"organization-name notranslate\" style=\"display: none;\">NYCKELBERGSKIOSK<\/span><\/span>\n\t\t<\/div>\n\n\t<\/div>\n\n\t<div class=\"cn-right\" style=\"text-align: right;\">\n\n\t\t<span class=\"address-block\"><span class=\"adr cn-address\"> <span class=\"street-address notranslate\">KVARNGATAN 13<\/span> <span class=\"street-address notranslate\">Mon.-Son: 9:00am-9:00pm<\/span> <span class=\"locality\">KOPING<\/span> <span class=\"postal-code\">73134<\/span> <span class=\"type\" style=\"display: none;\">home<\/span><\/span><span class=\"adr cn-address\"> <span class=\"type\" style=\"display: none;\">work<\/span><\/span><\/span>\n\n\t<\/div>\n\n\t<div style=\"clear:both\"><\/div>\n\n\t\n\t<div class=\"cn-meta\" style=\"margin-top: 6px\">\n\t\t\t<\/div>\n\n\t<div class=\"cn-clear\" style=\"display:table;width:100%;\">\n\t\t<div style=\"display:table-cell;vertical-align:middle;\">\n\t\t\t<div class=\"cn-categories\"><span class=\"cn_category_label\">Categories: <\/span> <span class=\"cn-category-name cn_category cn-category-2 cn-category-ups-access-point\">UPS Access Point<\/span><\/div>\n\t\t<\/div>\n\t\t<div style=\"display:table-cell;text-align:right;vertical-align:middle;\">\n\t\t\t<span class=\"cn-last-updated\" style=\"display: none;font-size: 10px;font-variant: small-caps;margin-right: 10px\">Updated 2 years ago.<\/span>\n<span class=\"cn-return-to-top\"><a href=\"#cn-top\" title=\"Return to top.\"><img decoding=\"async\" src=\"https:\/\/paket.se\/ups\/access-point\/wp-content\/plugins\/connections\/assets\/images\/uparrow.gif\" alt=\"Return to top.\"\/><\/a><\/span>\n\t\t<\/div>\n\t<\/div>\n\n<\/div>\n\n<\/div>\n<\/div>\n<div class=\"cn-list-foot\">\n\n<\/div>\n\n<\/div>\n\n<\/div>\n\n\n\n<p><\/p>\n\n\n\n<div class=\"wp-block-buttons is-content-justification-center is-layout-flex wp-container-core-buttons-is-layout-a89b3969 wp-block-buttons-is-layout-flex\">\n<div class=\"wp-block-button\"><a class=\"wp-block-button__link has-black-color has-text-color has-background wp-element-button\" href=\"https:\/\/paket.se\/ups\/skicka\/paket\" style=\"border-radius:50px;background-color:#e7d55f\" rel=\"nofollow\">Skicka UPS paket billigt h\u00e4r<\/a><\/div>\n<\/div>\n\n\n\n<ul class=\"is-style-checkmark-list wp-block-list\">\n<li>UPS Utl\u00e4mningsst\u00e4lle KOPING<\/li>\n\n\n\n<li>UPS Inl\u00e4mning KOPING<\/li>\n\n\n\n<li>UPS Ombud KOPING<\/li>\n\n\n\n<li>UPS Service point KOPING<\/li>\n\n\n\n<li>UPS Drop off KOPING<\/li>\n\n\n\n<li>UPS Service St\u00e4lle KOPING<\/li>\n\n\n\n<li>UPS \u00d6ppettider KOPING<\/li>\n<\/ul>\n\n\n<iframe loading=\"lazy\" class=\"page-generator-pro-map\" width=\"100%\" height=\"250\" frameborder=\"0\" style=\"border:0\" src=\"https:\/\/www.google.com\/maps\/embed\/v1\/place?q=KOPING&#038;zoom=14&#038;maptype=roadmap&#038;key=AIzaSyCNTEOso0tZG6YMSJFoaJEY5Th1stEWrJI\" allowfullscreen><\/iframe>\n\n\n<p><\/p>\n","protected":false},"excerpt":{"rendered":"<p>M\u00e5sta du inl\u00e4mna et paket til eller fr\u00e5n KOPING s\u00e5 hittar du h\u00e4r n\u00e4rmeste UPS Access Point i KOPING<\/p>\n","protected":false},"author":1,"featured_media":0,"parent":0,"menu_order":0,"comment_status":"closed","ping_status":"closed","template":"","meta":{"_cbd_carousel_blocks":"[]","footnotes":""},"class_list":["post-300","page","type-page","status-publish","hentry"],"yoast_head":"<!-- This site is optimized with the Yoast SEO plugin v27.3 - https:\/\/yoast.com\/product\/yoast-seo-wordpress\/ -->\n<title>Hitta UPS Access Point i KOPING \ud83c\udfaf<\/title>\n<meta name=\"description\" content=\"Hitta n\u00e4rmaste UPS Access Point och UPS Ombud i KOPING\" \/>\n<meta name=\"robots\" content=\"index, follow, max-snippet:-1, max-image-preview:large, max-video-preview:-1\" \/>\n<link rel=\"canonical\" href=\"https:\/\/paket.se\/ups\/access-point\/koping\/\" \/>\n<meta property=\"og:locale\" content=\"en_US\" \/>\n<meta property=\"og:type\" content=\"article\" \/>\n<meta property=\"og:title\" content=\"Hitta UPS Access Point i KOPING \ud83c\udfaf\" \/>\n<meta property=\"og:description\" content=\"Hitta n\u00e4rmaste UPS Access Point och UPS Ombud i KOPING\" \/>\n<meta property=\"og:url\" content=\"https:\/\/paket.se\/ups\/access-point\/koping\/\" \/>\n<meta property=\"og:site_name\" content=\"UPS Access Points i Sverige\" \/>\n<meta property=\"article:modified_time\" content=\"2024-01-09T07:15:51+00:00\" \/>\n<meta property=\"og:image\" content=\"https:\/\/accesspoint.se\/wp-content\/uploads\/2021\/02\/accesspoint-min-1024x426.png\" \/>\n<meta name=\"twitter:card\" content=\"summary_large_image\" \/>\n<script type=\"application\/ld+json\" class=\"yoast-schema-graph\">{\"@context\":\"https:\\\/\\\/schema.org\",\"@graph\":[{\"@type\":\"WebPage\",\"@id\":\"https:\\\/\\\/paket.se\\\/ups\\\/access-point\\\/koping\\\/\",\"url\":\"https:\\\/\\\/paket.se\\\/ups\\\/access-point\\\/koping\\\/\",\"name\":\"Hitta UPS Access Point i KOPING \ud83c\udfaf\",\"isPartOf\":{\"@id\":\"https:\\\/\\\/paket.se\\\/ups\\\/access-point\\\/#website\"},\"primaryImageOfPage\":{\"@id\":\"https:\\\/\\\/paket.se\\\/ups\\\/access-point\\\/koping\\\/#primaryimage\"},\"image\":{\"@id\":\"https:\\\/\\\/paket.se\\\/ups\\\/access-point\\\/koping\\\/#primaryimage\"},\"thumbnailUrl\":\"https:\\\/\\\/accesspoint.se\\\/wp-content\\\/uploads\\\/2021\\\/02\\\/accesspoint-min-1024x426.png\",\"datePublished\":\"2024-01-09T05:51:30+00:00\",\"dateModified\":\"2024-01-09T07:15:51+00:00\",\"description\":\"Hitta n\u00e4rmaste UPS Access Point och UPS Ombud i KOPING\",\"breadcrumb\":{\"@id\":\"https:\\\/\\\/paket.se\\\/ups\\\/access-point\\\/koping\\\/#breadcrumb\"},\"inLanguage\":\"en-US\",\"potentialAction\":[{\"@type\":\"ReadAction\",\"target\":[\"https:\\\/\\\/paket.se\\\/ups\\\/access-point\\\/koping\\\/\"]}]},{\"@type\":\"ImageObject\",\"inLanguage\":\"en-US\",\"@id\":\"https:\\\/\\\/paket.se\\\/ups\\\/access-point\\\/koping\\\/#primaryimage\",\"url\":\"https:\\\/\\\/accesspoint.se\\\/wp-content\\\/uploads\\\/2021\\\/02\\\/accesspoint-min-1024x426.png\",\"contentUrl\":\"https:\\\/\\\/accesspoint.se\\\/wp-content\\\/uploads\\\/2021\\\/02\\\/accesspoint-min-1024x426.png\"},{\"@type\":\"BreadcrumbList\",\"@id\":\"https:\\\/\\\/paket.se\\\/ups\\\/access-point\\\/koping\\\/#breadcrumb\",\"itemListElement\":[{\"@type\":\"ListItem\",\"position\":1,\"name\":\"Home\",\"item\":\"https:\\\/\\\/paket.se\\\/ups\\\/access-point\\\/\"},{\"@type\":\"ListItem\",\"position\":2,\"name\":\"Hitta UPS Access Point i KOPING \ud83c\udfaf\"}]},{\"@type\":\"WebSite\",\"@id\":\"https:\\\/\\\/paket.se\\\/ups\\\/access-point\\\/#website\",\"url\":\"https:\\\/\\\/paket.se\\\/ups\\\/access-point\\\/\",\"name\":\"UPS Access Points i Sverige\",\"description\":\"Hitta n\u00e4rmaste UPS Ombud\",\"potentialAction\":[{\"@type\":\"SearchAction\",\"target\":{\"@type\":\"EntryPoint\",\"urlTemplate\":\"https:\\\/\\\/paket.se\\\/ups\\\/access-point\\\/?s={search_term_string}\"},\"query-input\":{\"@type\":\"PropertyValueSpecification\",\"valueRequired\":true,\"valueName\":\"search_term_string\"}}],\"inLanguage\":\"en-US\"}]}<\/script>\n<!-- \/ Yoast SEO plugin. -->","yoast_head_json":{"title":"Hitta UPS Access Point i KOPING \ud83c\udfaf","description":"Hitta n\u00e4rmaste UPS Access Point och UPS Ombud i KOPING","robots":{"index":"index","follow":"follow","max-snippet":"max-snippet:-1","max-image-preview":"max-image-preview:large","max-video-preview":"max-video-preview:-1"},"canonical":"https:\/\/paket.se\/ups\/access-point\/koping\/","og_locale":"en_US","og_type":"article","og_title":"Hitta UPS Access Point i KOPING \ud83c\udfaf","og_description":"Hitta n\u00e4rmaste UPS Access Point och UPS Ombud i KOPING","og_url":"https:\/\/paket.se\/ups\/access-point\/koping\/","og_site_name":"UPS Access Points i Sverige","article_modified_time":"2024-01-09T07:15:51+00:00","og_image":[{"url":"https:\/\/accesspoint.se\/wp-content\/uploads\/2021\/02\/accesspoint-min-1024x426.png","type":"","width":"","height":""}],"twitter_card":"summary_large_image","schema":{"@context":"https:\/\/schema.org","@graph":[{"@type":"WebPage","@id":"https:\/\/paket.se\/ups\/access-point\/koping\/","url":"https:\/\/paket.se\/ups\/access-point\/koping\/","name":"Hitta UPS Access Point i KOPING \ud83c\udfaf","isPartOf":{"@id":"https:\/\/paket.se\/ups\/access-point\/#website"},"primaryImageOfPage":{"@id":"https:\/\/paket.se\/ups\/access-point\/koping\/#primaryimage"},"image":{"@id":"https:\/\/paket.se\/ups\/access-point\/koping\/#primaryimage"},"thumbnailUrl":"https:\/\/accesspoint.se\/wp-content\/uploads\/2021\/02\/accesspoint-min-1024x426.png","datePublished":"2024-01-09T05:51:30+00:00","dateModified":"2024-01-09T07:15:51+00:00","description":"Hitta n\u00e4rmaste UPS Access Point och UPS Ombud i KOPING","breadcrumb":{"@id":"https:\/\/paket.se\/ups\/access-point\/koping\/#breadcrumb"},"inLanguage":"en-US","potentialAction":[{"@type":"ReadAction","target":["https:\/\/paket.se\/ups\/access-point\/koping\/"]}]},{"@type":"ImageObject","inLanguage":"en-US","@id":"https:\/\/paket.se\/ups\/access-point\/koping\/#primaryimage","url":"https:\/\/accesspoint.se\/wp-content\/uploads\/2021\/02\/accesspoint-min-1024x426.png","contentUrl":"https:\/\/accesspoint.se\/wp-content\/uploads\/2021\/02\/accesspoint-min-1024x426.png"},{"@type":"BreadcrumbList","@id":"https:\/\/paket.se\/ups\/access-point\/koping\/#breadcrumb","itemListElement":[{"@type":"ListItem","position":1,"name":"Home","item":"https:\/\/paket.se\/ups\/access-point\/"},{"@type":"ListItem","position":2,"name":"Hitta UPS Access Point i KOPING \ud83c\udfaf"}]},{"@type":"WebSite","@id":"https:\/\/paket.se\/ups\/access-point\/#website","url":"https:\/\/paket.se\/ups\/access-point\/","name":"UPS Access Points i Sverige","description":"Hitta n\u00e4rmaste UPS Ombud","potentialAction":[{"@type":"SearchAction","target":{"@type":"EntryPoint","urlTemplate":"https:\/\/paket.se\/ups\/access-point\/?s={search_term_string}"},"query-input":{"@type":"PropertyValueSpecification","valueRequired":true,"valueName":"search_term_string"}}],"inLanguage":"en-US"}]}},"_links":{"self":[{"href":"https:\/\/paket.se\/ups\/access-point\/wp-json\/wp\/v2\/pages\/300","targetHints":{"allow":["GET"]}}],"collection":[{"href":"https:\/\/paket.se\/ups\/access-point\/wp-json\/wp\/v2\/pages"}],"about":[{"href":"https:\/\/paket.se\/ups\/access-point\/wp-json\/wp\/v2\/types\/page"}],"author":[{"embeddable":true,"href":"https:\/\/paket.se\/ups\/access-point\/wp-json\/wp\/v2\/users\/1"}],"replies":[{"embeddable":true,"href":"https:\/\/paket.se\/ups\/access-point\/wp-json\/wp\/v2\/comments?post=300"}],"version-history":[{"count":5,"href":"https:\/\/paket.se\/ups\/access-point\/wp-json\/wp\/v2\/pages\/300\/revisions"}],"predecessor-version":[{"id":1646,"href":"https:\/\/paket.se\/ups\/access-point\/wp-json\/wp\/v2\/pages\/300\/revisions\/1646"}],"wp:attachment":[{"href":"https:\/\/paket.se\/ups\/access-point\/wp-json\/wp\/v2\/media?parent=300"}],"curies":[{"name":"wp","href":"https:\/\/api.w.org\/{rel}","templated":true}]}}